{"id":283,"date":"2021-03-26T16:05:53","date_gmt":"2021-03-26T16:05:53","guid":{"rendered":"https:\/\/fcba.com.br\/fcba\/?page_id=283"},"modified":"2025-04-06T16:54:39","modified_gmt":"2025-04-06T19:54:39","slug":"diretoria-executiva","status":"publish","type":"page","link":"https:\/\/fcba.com.br\/fcba\/inicio\/governanca\/diretoria-executiva\/","title":{"rendered":"DIRETORIA EXECUTIVA"},"content":{"rendered":"\t\t<div data-elementor-type=\"wp-page\" data-elementor-id=\"283\" class=\"elementor elementor-283\">\n\t\t\t\t\t\t<section class=\"elementor-section elementor-top-section elementor-element elementor-element-216725a9 elementor-section-boxed elementor-section-height-default elementor-section-height-default\" data-id=\"216725a9\" data-element_type=\"section\">\n\t\t\t\t\t\t<div class=\"elementor-container elementor-column-gap-default\">\n\t\t\t\t\t<div class=\"elementor-column elementor-col-100 elementor-top-column elementor-element elementor-element-19a5e1f4\" data-id=\"19a5e1f4\" data-element_type=\"column\">\n\t\t\t<div class=\"elementor-widget-wrap elementor-element-populated\">\n\t\t\t\t\t\t<div class=\"elementor-element elementor-element-8fc0cb1 elementor-widget elementor-widget-image\" data-id=\"8fc0cb1\" data-element_type=\"widget\" data-widget_type=\"image.default\">\n\t\t\t\t<div class=\"elementor-widget-container\">\n\t\t\t\t\t\t\t\t\t\t\t\t\t\t\t<img fetchpriority=\"high\" decoding=\"async\" width=\"236\" height=\"300\" src=\"https:\/\/fcba.com.br\/fcba\/wp-content\/uploads\/2021\/03\/MARCA-FCBA-Azul-site-1-236x300.jpg\" class=\"attachment-medium size-medium wp-image-145\" alt=\"\" srcset=\"https:\/\/fcba.com.br\/fcba\/wp-content\/uploads\/2021\/03\/MARCA-FCBA-Azul-site-1-236x300.jpg 236w, https:\/\/fcba.com.br\/fcba\/wp-content\/uploads\/2021\/03\/MARCA-FCBA-Azul-site-1.jpg 477w\" sizes=\"(max-width: 236px) 100vw, 236px\" \/>\t\t\t\t\t\t\t\t\t\t\t\t\t\t\t<\/div>\n\t\t\t\t<\/div>\n\t\t\t\t\t<\/div>\n\t\t<\/div>\n\t\t\t\t\t<\/div>\n\t\t<\/section>\n\t\t\t\t<section class=\"elementor-section elementor-top-section elementor-element elementor-element-79bb69a elementor-section-boxed elementor-section-height-default elementor-section-height-default\" data-id=\"79bb69a\" data-element_type=\"section\">\n\t\t\t\t\t\t<div class=\"elementor-container elementor-column-gap-default\">\n\t\t\t\t\t<div class=\"elementor-column elementor-col-100 elementor-top-column elementor-element elementor-element-9218a7f\" data-id=\"9218a7f\" data-element_type=\"column\">\n\t\t\t<div class=\"elementor-widget-wrap elementor-element-populated\">\n\t\t\t\t\t\t<div class=\"elementor-element elementor-element-0d227bf elementor-widget elementor-widget-heading\" data-id=\"0d227bf\" data-element_type=\"widget\" data-widget_type=\"heading.default\">\n\t\t\t\t<div class=\"elementor-widget-container\">\n\t\t\t\t\t<h2 class=\"elementor-heading-title elementor-size-default\">DIRETORIA EXECUTIVA<\/h2>\t\t\t\t<\/div>\n\t\t\t\t<\/div>\n\t\t\t\t\t<\/div>\n\t\t<\/div>\n\t\t\t\t\t<\/div>\n\t\t<\/section>\n\t\t\t\t<section class=\"elementor-section elementor-top-section elementor-element elementor-element-0ca3de1 elementor-section-boxed elementor-section-height-default elementor-section-height-default\" data-id=\"0ca3de1\" data-element_type=\"section\">\n\t\t\t\t\t\t<div class=\"elementor-container elementor-column-gap-default\">\n\t\t\t\t\t<div class=\"elementor-column elementor-col-100 elementor-top-column elementor-element elementor-element-d774803\" data-id=\"d774803\" data-element_type=\"column\">\n\t\t\t<div class=\"elementor-widget-wrap elementor-element-populated\">\n\t\t\t\t\t\t<div class=\"elementor-element elementor-element-453b753 elementor-widget elementor-widget-text-editor\" data-id=\"453b753\" data-element_type=\"widget\" data-widget_type=\"text-editor.default\">\n\t\t\t\t<div class=\"elementor-widget-container\">\n\t\t\t\t\t\t\t\t\t<p>NELSIVAL DE SOUZA MENEZES<br \/><strong><span style=\"font-size: inherit;\">Presidente<\/span><\/strong><\/p><p><span style=\"font-size: inherit;\">JOSENILSON ALEX DA APRESENTA\u00c7\u00c3O<br \/><\/span><strong><span style=\"font-size: inherit;\">Vice-Presidente<\/span><\/strong><\/p><p><span style=\"font-size: inherit;\">JINDIANE SILVA OLIVEIRA<br \/><\/span><strong><span style=\"font-size: inherit;\">Secret\u00e1rio (a) Geral<\/span><\/strong><\/p><p><span style=\"font-size: inherit;\">Paulo Fernando Rodrigues da Costa<br \/><\/span><strong><span style=\"font-size: inherit;\">Diretor (a). Administrativo de Tecnologia e Planejamento<\/span><\/strong><\/p>\t\t\t\t\t\t\t\t<\/div>\n\t\t\t\t<\/div>\n\t\t\t\t\t<\/div>\n\t\t<\/div>\n\t\t\t\t\t<\/div>\n\t\t<\/section>\n\t\t\t\t<\/div>\n\t\t","protected":false},"excerpt":{"rendered":"<p>DIRETORIA EXECUTIVA NELSIVAL DE SOUZA MENEZESPresidente JOSENILSON ALEX DA APRESENTA\u00c7\u00c3OVice-Presidente JINDIANE SILVA OLIVEIRASecret\u00e1rio (a) Geral Paulo Fernando Rodrigues da CostaDiretor (a). Administrativo de Tecnologia e Planejamento<\/p>\n","protected":false},"author":1,"featured_media":0,"parent":296,"menu_order":0,"comment_status":"closed","ping_status":"closed","template":"","meta":{"footnotes":""},"class_list":["post-283","page","type-page","status-publish","hentry"],"_links":{"self":[{"href":"https:\/\/fcba.com.br\/fcba\/wp-json\/wp\/v2\/pages\/283","targetHints":{"allow":["GET"]}}],"collection":[{"href":"https:\/\/fcba.com.br\/fcba\/wp-json\/wp\/v2\/pages"}],"about":[{"href":"https:\/\/fcba.com.br\/fcba\/wp-json\/wp\/v2\/types\/page"}],"author":[{"embeddable":true,"href":"https:\/\/fcba.com.br\/fcba\/wp-json\/wp\/v2\/users\/1"}],"replies":[{"embeddable":true,"href":"https:\/\/fcba.com.br\/fcba\/wp-json\/wp\/v2\/comments?post=283"}],"version-history":[{"count":19,"href":"https:\/\/fcba.com.br\/fcba\/wp-json\/wp\/v2\/pages\/283\/revisions"}],"predecessor-version":[{"id":1844,"href":"https:\/\/fcba.com.br\/fcba\/wp-json\/wp\/v2\/pages\/283\/revisions\/1844"}],"up":[{"embeddable":true,"href":"https:\/\/fcba.com.br\/fcba\/wp-json\/wp\/v2\/pages\/296"}],"wp:attachment":[{"href":"https:\/\/fcba.com.br\/fcba\/wp-json\/wp\/v2\/media?parent=283"}],"curies":[{"name":"wp","href":"https:\/\/api.w.org\/{rel}","templated":true}]}}