{"id":280,"date":"2021-03-26T16:02:34","date_gmt":"2021-03-26T16:02:34","guid":{"rendered":"https:\/\/fcba.com.br\/fcba\/?page_id=280"},"modified":"2025-04-06T16:51:50","modified_gmt":"2025-04-06T19:51:50","slug":"diretoria-regional","status":"publish","type":"page","link":"https:\/\/fcba.com.br\/fcba\/inicio\/governanca\/diretoria-regional\/","title":{"rendered":"COORDENA\u00c7\u00c3O REGIONAL"},"content":{"rendered":"\t\t<div data-elementor-type=\"wp-page\" data-elementor-id=\"280\" class=\"elementor elementor-280\">\n\t\t\t\t\t\t<section class=\"elementor-section elementor-top-section elementor-element elementor-element-3d31708 elementor-section-boxed elementor-section-height-default elementor-section-height-default\" data-id=\"3d31708\" data-element_type=\"section\">\n\t\t\t\t\t\t<div class=\"elementor-container elementor-column-gap-default\">\n\t\t\t\t\t<div class=\"elementor-column elementor-col-100 elementor-top-column elementor-element elementor-element-bb3805e\" data-id=\"bb3805e\" data-element_type=\"column\">\n\t\t\t<div class=\"elementor-widget-wrap elementor-element-populated\">\n\t\t\t\t\t\t<div class=\"elementor-element elementor-element-ced4d22 elementor-widget elementor-widget-spacer\" data-id=\"ced4d22\" data-element_type=\"widget\" data-widget_type=\"spacer.default\">\n\t\t\t\t<div class=\"elementor-widget-container\">\n\t\t\t\t\t\t\t<div class=\"elementor-spacer\">\n\t\t\t<div class=\"elementor-spacer-inner\"><\/div>\n\t\t<\/div>\n\t\t\t\t\t\t<\/div>\n\t\t\t\t<\/div>\n\t\t\t\t\t<\/div>\n\t\t<\/div>\n\t\t\t\t\t<\/div>\n\t\t<\/section>\n\t\t\t\t<section class=\"elementor-section elementor-top-section elementor-element elementor-element-595ee934 elementor-section-boxed elementor-section-height-default elementor-section-height-default\" data-id=\"595ee934\" data-element_type=\"section\">\n\t\t\t\t\t\t<div class=\"elementor-container elementor-column-gap-default\">\n\t\t\t\t\t<div class=\"elementor-column elementor-col-100 elementor-top-column elementor-element elementor-element-46614c39\" data-id=\"46614c39\" data-element_type=\"column\">\n\t\t\t<div class=\"elementor-widget-wrap elementor-element-populated\">\n\t\t\t\t\t\t<div class=\"elementor-element elementor-element-1ee1908 elementor-widget elementor-widget-image\" data-id=\"1ee1908\" data-element_type=\"widget\" data-widget_type=\"image.default\">\n\t\t\t\t<div class=\"elementor-widget-container\">\n\t\t\t\t\t\t\t\t\t\t\t\t\t\t\t<img fetchpriority=\"high\" decoding=\"async\" width=\"236\" height=\"300\" src=\"https:\/\/fcba.com.br\/fcba\/wp-content\/uploads\/2021\/03\/MARCA-FCBA-Azul-site-1-236x300.jpg\" class=\"attachment-medium size-medium wp-image-145\" alt=\"\" srcset=\"https:\/\/fcba.com.br\/fcba\/wp-content\/uploads\/2021\/03\/MARCA-FCBA-Azul-site-1-236x300.jpg 236w, https:\/\/fcba.com.br\/fcba\/wp-content\/uploads\/2021\/03\/MARCA-FCBA-Azul-site-1.jpg 477w\" sizes=\"(max-width: 236px) 100vw, 236px\" \/>\t\t\t\t\t\t\t\t\t\t\t\t\t\t\t<\/div>\n\t\t\t\t<\/div>\n\t\t\t\t\t<\/div>\n\t\t<\/div>\n\t\t\t\t\t<\/div>\n\t\t<\/section>\n\t\t\t\t<section class=\"elementor-section elementor-top-section elementor-element elementor-element-1eb177b elementor-section-boxed elementor-section-height-default elementor-section-height-default\" data-id=\"1eb177b\" data-element_type=\"section\">\n\t\t\t\t\t\t<div class=\"elementor-container elementor-column-gap-default\">\n\t\t\t\t\t<div class=\"elementor-column elementor-col-66 elementor-top-column elementor-element elementor-element-46a5c6a\" data-id=\"46a5c6a\" data-element_type=\"column\">\n\t\t\t<div class=\"elementor-widget-wrap elementor-element-populated\">\n\t\t\t\t\t\t<div class=\"elementor-element elementor-element-231336c elementor-view-default elementor-widget elementor-widget-icon\" data-id=\"231336c\" data-element_type=\"widget\" data-widget_type=\"icon.default\">\n\t\t\t\t<div class=\"elementor-widget-container\">\n\t\t\t\t\t\t\t<div class=\"elementor-icon-wrapper\">\n\t\t\t<div class=\"elementor-icon\">\n\t\t\t<i aria-hidden=\"true\" class=\"far fa-id-card\"><\/i>\t\t\t<\/div>\n\t\t<\/div>\n\t\t\t\t\t\t<\/div>\n\t\t\t\t<\/div>\n\t\t\t\t\t<\/div>\n\t\t<\/div>\n\t\t\t\t<div class=\"elementor-column elementor-col-33 elementor-top-column elementor-element elementor-element-e6a94b8\" data-id=\"e6a94b8\" data-element_type=\"column\">\n\t\t\t<div class=\"elementor-widget-wrap elementor-element-populated\">\n\t\t\t\t\t\t<div class=\"elementor-element elementor-element-6b0239d elementor-widget elementor-widget-heading\" data-id=\"6b0239d\" data-element_type=\"widget\" data-widget_type=\"heading.default\">\n\t\t\t\t<div class=\"elementor-widget-container\">\n\t\t\t\t\t<h2 class=\"elementor-heading-title elementor-size-default\">COORDENA\u00c7\u00c3O REGIONAL<\/h2>\t\t\t\t<\/div>\n\t\t\t\t<\/div>\n\t\t\t\t<div class=\"elementor-element elementor-element-73ecb9f elementor-widget-divider--view-line elementor-widget elementor-widget-divider\" data-id=\"73ecb9f\" data-element_type=\"widget\" data-widget_type=\"divider.default\">\n\t\t\t\t<div class=\"elementor-widget-container\">\n\t\t\t\t\t\t\t<div class=\"elementor-divider\">\n\t\t\t<span class=\"elementor-divider-separator\">\n\t\t\t\t\t\t<\/span>\n\t\t<\/div>\n\t\t\t\t\t\t<\/div>\n\t\t\t\t<\/div>\n\t\t\t\t\t<\/div>\n\t\t<\/div>\n\t\t\t\t\t<\/div>\n\t\t<\/section>\n\t\t\t\t<section class=\"elementor-section elementor-top-section elementor-element elementor-element-b491fec elementor-section-boxed elementor-section-height-default elementor-section-height-default\" data-id=\"b491fec\" data-element_type=\"section\">\n\t\t\t\t\t\t<div class=\"elementor-container elementor-column-gap-default\">\n\t\t\t\t\t<div class=\"elementor-column elementor-col-100 elementor-top-column elementor-element elementor-element-44698e2\" data-id=\"44698e2\" data-element_type=\"column\">\n\t\t\t<div class=\"elementor-widget-wrap elementor-element-populated\">\n\t\t\t\t\t\t<div class=\"elementor-element elementor-element-0b8b07e elementor-widget__width-initial elementor-widget elementor-widget-text-editor\" data-id=\"0b8b07e\" data-element_type=\"widget\" data-widget_type=\"text-editor.default\">\n\t\t\t\t<div class=\"elementor-widget-container\">\n\t\t\t\t\t\t\t\t\t<p style=\"text-align: justify;\">A Coordena\u00e7\u00e3o Regional de Capoeira da Federa\u00e7\u00e3o de Capoeira do Estado da Bahia (FCBA) \u00e9 um elo estrat\u00e9gico entre a Federa\u00e7\u00e3o e os diversos territ\u00f3rios do estado, com a finalidade de fortalecer, organizar e promover o desenvolvimento da capoeira em n\u00edvel regional.<br \/>Sua principal miss\u00e3o \u00e9 representar a FCBA em sua respectiva regi\u00e3o, atuando na articula\u00e7\u00e3o com grupos, mestres, professores, praticantes e institui\u00e7\u00f5es parceiras, contribuindo para o fomento da capoeira como express\u00e3o cultural, esportiva, educativa e de resist\u00eancia.<\/p>\t\t\t\t\t\t\t\t<\/div>\n\t\t\t\t<\/div>\n\t\t\t\t\t<\/div>\n\t\t<\/div>\n\t\t\t\t\t<\/div>\n\t\t<\/section>\n\t\t\t\t<section class=\"elementor-section elementor-top-section elementor-element elementor-element-c08f2d4 elementor-section-boxed elementor-section-height-default elementor-section-height-default\" data-id=\"c08f2d4\" data-element_type=\"section\">\n\t\t\t\t\t\t<div class=\"elementor-container elementor-column-gap-default\">\n\t\t\t\t\t<div class=\"elementor-column elementor-col-100 elementor-top-column elementor-element elementor-element-a859756\" data-id=\"a859756\" data-element_type=\"column\">\n\t\t\t<div class=\"elementor-widget-wrap elementor-element-populated\">\n\t\t\t\t\t\t<div class=\"elementor-element elementor-element-7194f10 elementor-widget elementor-widget-text-editor\" data-id=\"7194f10\" data-element_type=\"widget\" data-widget_type=\"text-editor.default\">\n\t\t\t\t<div class=\"elementor-widget-container\">\n\t\t\t\t\t\t\t\t\t<p><strong>A Coordena\u00e7\u00e3o Regional tem como atribui\u00e7\u00f5es:<\/strong><\/p><ul><li>Mapear e acompanhar as atividades de capoeira desenvolvidas nos munic\u00edpios de sua regi\u00e3o;<\/li><li>Promover a\u00e7\u00f5es de integra\u00e7\u00e3o, como encontros, semin\u00e1rios, rodas, torneios e cursos de forma\u00e7\u00e3o;<\/li><li>Estabelecer di\u00e1logo cont\u00ednuo com lideran\u00e7as locais e demais agentes da capoeira;<\/li><li>Colaborar com a diretoria da FCBA, repassando informa\u00e7\u00f5es relevantes e subsidiando decis\u00f5es estrat\u00e9gicas da Federa\u00e7\u00e3o;<\/li><li>Apoiar a implementa\u00e7\u00e3o de projetos, editais e pol\u00edticas p\u00fablicas voltadas para a capoeira;<\/li><li>Estimular a filia\u00e7\u00e3o de grupos e mestres \u00e0 Federa\u00e7\u00e3o, fortalecendo a representatividade do segmento.<\/li><\/ul>\t\t\t\t\t\t\t\t<\/div>\n\t\t\t\t<\/div>\n\t\t\t\t<div class=\"elementor-element elementor-element-f1235c0 elementor-widget-divider--view-line elementor-widget elementor-widget-divider\" data-id=\"f1235c0\" data-element_type=\"widget\" data-widget_type=\"divider.default\">\n\t\t\t\t<div class=\"elementor-widget-container\">\n\t\t\t\t\t\t\t<div class=\"elementor-divider\">\n\t\t\t<span class=\"elementor-divider-separator\">\n\t\t\t\t\t\t<\/span>\n\t\t<\/div>\n\t\t\t\t\t\t<\/div>\n\t\t\t\t<\/div>\n\t\t\t\t\t<\/div>\n\t\t<\/div>\n\t\t\t\t\t<\/div>\n\t\t<\/section>\n\t\t\t\t<section class=\"elementor-section elementor-top-section elementor-element elementor-element-e4bbf99 elementor-section-boxed elementor-section-height-default elementor-section-height-default\" data-id=\"e4bbf99\" data-element_type=\"section\">\n\t\t\t\t\t\t<div class=\"elementor-container elementor-column-gap-default\">\n\t\t\t\t\t<div class=\"elementor-column elementor-col-50 elementor-top-column elementor-element elementor-element-7734047\" data-id=\"7734047\" data-element_type=\"column\">\n\t\t\t<div class=\"elementor-widget-wrap elementor-element-populated\">\n\t\t\t\t\t\t<div class=\"elementor-element elementor-element-d8e7d1e elementor-widget elementor-widget-text-editor\" data-id=\"d8e7d1e\" data-element_type=\"widget\" data-widget_type=\"text-editor.default\">\n\t\t\t\t<div class=\"elementor-widget-container\">\n\t\t\t\t\t\t\t\t\t<p><strong><em>1\u00ba.\u00a0 \u00a0 \u00a0 Coordena\u00e7\u00e3o Regi\u00e3o Nordeste<\/em><\/strong><br \/><strong><em>2\u00ba.\u00a0 \u00a0 \u00a0 Coordena\u00e7\u00e3o Regi\u00e3o do Sisal<\/em><\/strong>\u00a0<br \/><strong><em>3\u00ba.\u00a0 \u00a0 \u00a0 \u00a0Coordena\u00e7\u00e3o Regi\u00e3o da Serra<\/em><\/strong>\u00a0<br \/><strong><em>4\u00ba.\u00a0 \u00a0 \u00a0 Coordena\u00e7\u00e3o Regi\u00e3o Central\u00a0<\/em><\/strong><br \/><strong><em>5\u00ba.\u00a0 \u00a0 \u00a0 \u00a0Coordena\u00e7\u00e3o Regi\u00e3o do Industrial Metropolitana<\/em><\/strong><br \/><br \/><\/p>\t\t\t\t\t\t\t\t<\/div>\n\t\t\t\t<\/div>\n\t\t\t\t\t<\/div>\n\t\t<\/div>\n\t\t\t\t<div class=\"elementor-column elementor-col-50 elementor-top-column elementor-element elementor-element-0cd8513\" data-id=\"0cd8513\" data-element_type=\"column\">\n\t\t\t<div class=\"elementor-widget-wrap elementor-element-populated\">\n\t\t\t\t\t\t<div class=\"elementor-element elementor-element-1b8e469 elementor-widget elementor-widget-text-editor\" data-id=\"1b8e469\" data-element_type=\"widget\" data-widget_type=\"text-editor.default\">\n\t\t\t\t<div class=\"elementor-widget-container\">\n\t\t\t\t\t\t\t\t\t<p><strong><em>6\u00ba.\u00a0 \u00a0 \u00a0 \u00a0Coordena\u00e7\u00e3o Regi\u00e3o do Petr\u00f3leo<\/em><\/strong><br \/><strong><em>7\u00ba.\u00a0 \u00a0 \u00a0 \u00a0Coordena\u00e7\u00e3o Regi\u00e3o Salvador<br \/><\/em><\/strong><strong><em>8\u00ba.\u00a0 \u00a0 \u00a0 \u00a0Coordena\u00e7\u00e3o Regi\u00e3o Costa do Dend\u00ea\u00a0<\/em><\/strong><br \/><strong><em>9\u00ba.\u00a0 \u00a0 \u00a0 Coordena\u00e7\u00e3o Regi\u00e3o Jacobina<\/em><\/strong><\/p>\t\t\t\t\t\t\t\t<\/div>\n\t\t\t\t<\/div>\n\t\t\t\t\t<\/div>\n\t\t<\/div>\n\t\t\t\t\t<\/div>\n\t\t<\/section>\n\t\t\t\t<section class=\"elementor-section elementor-top-section elementor-element elementor-element-d287e0e elementor-section-boxed elementor-section-height-default elementor-section-height-default\" data-id=\"d287e0e\" data-element_type=\"section\">\n\t\t\t\t\t\t<div class=\"elementor-container elementor-column-gap-default\">\n\t\t\t\t\t<div class=\"elementor-column elementor-col-100 elementor-top-column elementor-element elementor-element-c7839d3\" data-id=\"c7839d3\" data-element_type=\"column\">\n\t\t\t<div class=\"elementor-widget-wrap elementor-element-populated\">\n\t\t\t\t\t\t<div class=\"elementor-element elementor-element-2742450 elementor-widget-divider--view-line elementor-widget elementor-widget-divider\" data-id=\"2742450\" data-element_type=\"widget\" data-widget_type=\"divider.default\">\n\t\t\t\t<div class=\"elementor-widget-container\">\n\t\t\t\t\t\t\t<div class=\"elementor-divider\">\n\t\t\t<span class=\"elementor-divider-separator\">\n\t\t\t\t\t\t<\/span>\n\t\t<\/div>\n\t\t\t\t\t\t<\/div>\n\t\t\t\t<\/div>\n\t\t\t\t<div class=\"elementor-element elementor-element-2ba0047 elementor-widget elementor-widget-text-editor\" data-id=\"2ba0047\" data-element_type=\"widget\" data-widget_type=\"text-editor.default\">\n\t\t\t\t<div class=\"elementor-widget-container\">\n\t\t\t\t\t\t\t\t\t<p>Para os(as) filiados(as), a Coordena\u00e7\u00e3o Regional atua como canal direto de comunica\u00e7\u00e3o e apoio, facilitando o acesso a informa\u00e7\u00f5es, servi\u00e7os e benef\u00edcios oferecidos pela FCBA. Isso inclui:<\/p><ul><li>Suporte na regulariza\u00e7\u00e3o e atualiza\u00e7\u00e3o cadastral junto \u00e0 Federa\u00e7\u00e3o;<\/li><li>Orienta\u00e7\u00e3o sobre participa\u00e7\u00e3o em eventos oficiais e projetos apoiados pela FCBA;<\/li><li>Media\u00e7\u00e3o de demandas locais, garantindo que as vozes dos(as) filiados(as) sejam ouvidas;<\/li><li>Incentivo \u00e0 forma\u00e7\u00e3o continuada por meio de cursos, oficinas e interc\u00e2mbios culturais;<\/li><li>Promo\u00e7\u00e3o da visibilidade e valoriza\u00e7\u00e3o dos trabalhos desenvolvidos pelos grupos e mestres filiados.<\/li><\/ul><p>Cada coordena\u00e7\u00e3o regional \u00e9 composta por capoeiristas filiados com atua\u00e7\u00e3o reconhecida em suas comunidades, escolhidos pela sua experi\u00eancia, compromisso com a valoriza\u00e7\u00e3o da capoeira e capacidade de articula\u00e7\u00e3o.<\/p><p>Por meio das coordena\u00e7\u00f5es regionais, a FCBA assegura uma atua\u00e7\u00e3o descentralizada, inclusiva e alinhada \u00e0s realidades locais, fortalecendo a rede da capoeira em todo o estado da Bahia.<\/p>\t\t\t\t\t\t\t\t<\/div>\n\t\t\t\t<\/div>\n\t\t\t\t\t<\/div>\n\t\t<\/div>\n\t\t\t\t\t<\/div>\n\t\t<\/section>\n\t\t\t\t<section class=\"elementor-section elementor-top-section elementor-element elementor-element-a79be64 elementor-section-boxed elementor-section-height-default elementor-section-height-default\" data-id=\"a79be64\" data-element_type=\"section\">\n\t\t\t\t\t\t<div class=\"elementor-container elementor-column-gap-default\">\n\t\t\t\t\t<div class=\"elementor-column elementor-col-100 elementor-top-column elementor-element elementor-element-88e2942\" data-id=\"88e2942\" data-element_type=\"column\">\n\t\t\t<div class=\"elementor-widget-wrap\">\n\t\t\t\t\t\t\t<\/div>\n\t\t<\/div>\n\t\t\t\t\t<\/div>\n\t\t<\/section>\n\t\t\t\t<\/div>\n\t\t","protected":false},"excerpt":{"rendered":"<p>COORDENA\u00c7\u00c3O REGIONAL A Coordena\u00e7\u00e3o Regional de Capoeira da Federa\u00e7\u00e3o de Capoeira do Estado da Bahia (FCBA) \u00e9 um elo estrat\u00e9gico entre a Federa\u00e7\u00e3o e os diversos territ\u00f3rios do estado, com a finalidade de fortalecer, organizar e promover o desenvolvimento da capoeira em n\u00edvel regional.Sua principal miss\u00e3o \u00e9 representar a FCBA [&hellip;]<\/p>\n","protected":false},"author":1,"featured_media":0,"parent":296,"menu_order":0,"comment_status":"closed","ping_status":"closed","template":"","meta":{"footnotes":""},"class_list":["post-280","page","type-page","status-publish","hentry"],"_links":{"self":[{"href":"https:\/\/fcba.com.br\/fcba\/wp-json\/wp\/v2\/pages\/280","targetHints":{"allow":["GET"]}}],"collection":[{"href":"https:\/\/fcba.com.br\/fcba\/wp-json\/wp\/v2\/pages"}],"about":[{"href":"https:\/\/fcba.com.br\/fcba\/wp-json\/wp\/v2\/types\/page"}],"author":[{"embeddable":true,"href":"https:\/\/fcba.com.br\/fcba\/wp-json\/wp\/v2\/users\/1"}],"replies":[{"embeddable":true,"href":"https:\/\/fcba.com.br\/fcba\/wp-json\/wp\/v2\/comments?post=280"}],"version-history":[{"count":92,"href":"https:\/\/fcba.com.br\/fcba\/wp-json\/wp\/v2\/pages\/280\/revisions"}],"predecessor-version":[{"id":1838,"href":"https:\/\/fcba.com.br\/fcba\/wp-json\/wp\/v2\/pages\/280\/revisions\/1838"}],"up":[{"embeddable":true,"href":"https:\/\/fcba.com.br\/fcba\/wp-json\/wp\/v2\/pages\/296"}],"wp:attachment":[{"href":"https:\/\/fcba.com.br\/fcba\/wp-json\/wp\/v2\/media?parent=280"}],"curies":[{"name":"wp","href":"https:\/\/api.w.org\/{rel}","templated":true}]}}