{"id":2178,"date":"2025-11-08T00:57:53","date_gmt":"2025-11-08T03:57:53","guid":{"rendered":"https:\/\/fcba.com.br\/fcba\/?page_id=2178"},"modified":"2025-11-11T09:57:38","modified_gmt":"2025-11-11T12:57:38","slug":"campeonato-baiano-2025","status":"publish","type":"page","link":"https:\/\/fcba.com.br\/fcba\/campeonato-baiano-2025\/","title":{"rendered":"CAMPEONATO BAIANO 2025"},"content":{"rendered":"\t\t<div data-elementor-type=\"wp-page\" data-elementor-id=\"2178\" class=\"elementor elementor-2178\">\n\t\t\t\t\t\t<section class=\"elementor-section elementor-top-section elementor-element elementor-element-84018b5 elementor-section-boxed elementor-section-height-default elementor-section-height-default\" data-id=\"84018b5\" data-element_type=\"section\">\n\t\t\t\t\t\t<div class=\"elementor-container elementor-column-gap-default\">\n\t\t\t\t\t<div class=\"elementor-column elementor-col-100 elementor-top-column elementor-element elementor-element-279c51d\" data-id=\"279c51d\" data-element_type=\"column\">\n\t\t\t<div class=\"elementor-widget-wrap elementor-element-populated\">\n\t\t\t\t\t\t<div class=\"elementor-element elementor-element-0b0e8ce elementor-widget elementor-widget-heading\" data-id=\"0b0e8ce\" data-element_type=\"widget\" data-widget_type=\"heading.default\">\n\t\t\t\t<div class=\"elementor-widget-container\">\n\t\t\t\t\t<h2 class=\"elementor-heading-title elementor-size-default\">Campeonato Baiano de Capoeira 2025 \u2013 Ta\u00e7a Mestre Geni<\/h2>\t\t\t\t<\/div>\n\t\t\t\t<\/div>\n\t\t\t\t\t<\/div>\n\t\t<\/div>\n\t\t\t\t\t<\/div>\n\t\t<\/section>\n\t\t\t\t<section class=\"elementor-section elementor-top-section elementor-element elementor-element-311f159 elementor-section-boxed elementor-section-height-default elementor-section-height-default\" data-id=\"311f159\" data-element_type=\"section\">\n\t\t\t\t\t\t<div class=\"elementor-container elementor-column-gap-default\">\n\t\t\t\t\t<div class=\"elementor-column elementor-col-33 elementor-top-column elementor-element elementor-element-7500467\" data-id=\"7500467\" data-element_type=\"column\">\n\t\t\t<div class=\"elementor-widget-wrap elementor-element-populated\">\n\t\t\t\t\t\t<div class=\"elementor-element elementor-element-abff435 elementor-widget elementor-widget-text-editor\" data-id=\"abff435\" data-element_type=\"widget\" data-widget_type=\"text-editor.default\">\n\t\t\t\t<div class=\"elementor-widget-container\">\n\t\t\t\t\t\t\t\t\t<h2 style=\"text-align: center;\">\ud83d\udcb3 <strong>Inscri\u00e7\u00f5es e Valores<\/strong><\/h2><p style=\"text-align: center;\">As inscri\u00e7\u00f5es s\u00e3o realizadas exclusivamente atrav\u00e9s do sistema oficial da FCBA (SIGECAP).<br \/>Clique no bot\u00e3o abaixo e realize a sua inscri\u00e7\u00e3o<\/p>\t\t\t\t\t\t\t\t<\/div>\n\t\t\t\t<\/div>\n\t\t\t\t<div class=\"elementor-element elementor-element-69114d5 elementor-align-center elementor-widget elementor-widget-button\" data-id=\"69114d5\" data-element_type=\"widget\" data-widget_type=\"button.default\">\n\t\t\t\t<div class=\"elementor-widget-container\">\n\t\t\t\t\t\t\t\t\t<div class=\"elementor-button-wrapper\">\n\t\t\t\t\t<a class=\"elementor-button elementor-button-link elementor-size-sm\" href=\"http:\/\/sigecap.fcba.org.br\/campeonato-baiano-2025\">\n\t\t\t\t\t\t<span class=\"elementor-button-content-wrapper\">\n\t\t\t\t\t\t\t\t\t<span class=\"elementor-button-text\">Clique aqui<\/span>\n\t\t\t\t\t<\/span>\n\t\t\t\t\t<\/a>\n\t\t\t\t<\/div>\n\t\t\t\t\t\t\t\t<\/div>\n\t\t\t\t<\/div>\n\t\t\t\t\t<\/div>\n\t\t<\/div>\n\t\t\t\t<div class=\"elementor-column elementor-col-66 elementor-top-column elementor-element elementor-element-6cccefe\" data-id=\"6cccefe\" data-element_type=\"column\">\n\t\t\t<div class=\"elementor-widget-wrap elementor-element-populated\">\n\t\t\t\t\t\t<div class=\"elementor-element elementor-element-d5c0bd7 elementor-widget elementor-widget-image\" data-id=\"d5c0bd7\" data-element_type=\"widget\" data-widget_type=\"image.default\">\n\t\t\t\t<div class=\"elementor-widget-container\">\n\t\t\t\t\t\t\t\t\t\t\t\t\t\t\t<img fetchpriority=\"high\" decoding=\"async\" width=\"750\" height=\"938\" src=\"https:\/\/fcba.com.br\/fcba\/wp-content\/uploads\/2025\/11\/1-819x1024.png\" class=\"attachment-large size-large wp-image-2180\" alt=\"\" srcset=\"https:\/\/fcba.com.br\/fcba\/wp-content\/uploads\/2025\/11\/1-819x1024.png 819w, https:\/\/fcba.com.br\/fcba\/wp-content\/uploads\/2025\/11\/1-240x300.png 240w, https:\/\/fcba.com.br\/fcba\/wp-content\/uploads\/2025\/11\/1-768x960.png 768w, https:\/\/fcba.com.br\/fcba\/wp-content\/uploads\/2025\/11\/1.png 1080w\" sizes=\"(max-width: 750px) 100vw, 750px\" \/>\t\t\t\t\t\t\t\t\t\t\t\t\t\t\t<\/div>\n\t\t\t\t<\/div>\n\t\t\t\t\t<\/div>\n\t\t<\/div>\n\t\t\t\t\t<\/div>\n\t\t<\/section>\n\t\t\t\t<section class=\"elementor-section elementor-top-section elementor-element elementor-element-ddc046a elementor-section-boxed elementor-section-height-default elementor-section-height-default\" data-id=\"ddc046a\" data-element_type=\"section\">\n\t\t\t\t\t\t<div class=\"elementor-container elementor-column-gap-default\">\n\t\t\t\t\t<div class=\"elementor-column elementor-col-50 elementor-top-column elementor-element elementor-element-a2305a0\" data-id=\"a2305a0\" data-element_type=\"column\">\n\t\t\t<div class=\"elementor-widget-wrap\">\n\t\t\t\t\t\t\t<\/div>\n\t\t<\/div>\n\t\t\t\t<div class=\"elementor-column elementor-col-50 elementor-top-column elementor-element elementor-element-2fe0e3a\" data-id=\"2fe0e3a\" data-element_type=\"column\">\n\t\t\t<div class=\"elementor-widget-wrap elementor-element-populated\">\n\t\t\t\t\t\t<div class=\"elementor-element elementor-element-6acdc30 elementor-widget elementor-widget-spacer\" data-id=\"6acdc30\" data-element_type=\"widget\" data-widget_type=\"spacer.default\">\n\t\t\t\t<div class=\"elementor-widget-container\">\n\t\t\t\t\t\t\t<div class=\"elementor-spacer\">\n\t\t\t<div class=\"elementor-spacer-inner\"><\/div>\n\t\t<\/div>\n\t\t\t\t\t\t<\/div>\n\t\t\t\t<\/div>\n\t\t\t\t\t<\/div>\n\t\t<\/div>\n\t\t\t\t\t<\/div>\n\t\t<\/section>\n\t\t\t\t<section class=\"elementor-section elementor-top-section elementor-element elementor-element-aa1d984 elementor-section-boxed elementor-section-height-default elementor-section-height-default\" data-id=\"aa1d984\" data-element_type=\"section\">\n\t\t\t\t\t\t<div class=\"elementor-container elementor-column-gap-default\">\n\t\t\t\t\t<div class=\"elementor-column elementor-col-100 elementor-top-column elementor-element elementor-element-2ac98db\" data-id=\"2ac98db\" data-element_type=\"column\">\n\t\t\t<div class=\"elementor-widget-wrap elementor-element-populated\">\n\t\t\t\t\t\t<div class=\"elementor-element elementor-element-d039008 elementor-widget elementor-widget-spacer\" data-id=\"d039008\" data-element_type=\"widget\" data-widget_type=\"spacer.default\">\n\t\t\t\t<div class=\"elementor-widget-container\">\n\t\t\t\t\t\t\t<div class=\"elementor-spacer\">\n\t\t\t<div class=\"elementor-spacer-inner\"><\/div>\n\t\t<\/div>\n\t\t\t\t\t\t<\/div>\n\t\t\t\t<\/div>\n\t\t\t\t\t<\/div>\n\t\t<\/div>\n\t\t\t\t\t<\/div>\n\t\t<\/section>\n\t\t\t\t<\/div>\n\t\t","protected":false},"excerpt":{"rendered":"<p>Campeonato Baiano de Capoeira 2025 \u2013 Ta\u00e7a Mestre Geni \ud83d\udcb3 Inscri\u00e7\u00f5es e Valores As inscri\u00e7\u00f5es s\u00e3o realizadas exclusivamente atrav\u00e9s do sistema oficial da FCBA (SIGECAP).Clique no bot\u00e3o abaixo e realize a sua inscri\u00e7\u00e3o Clique aqui<\/p>\n","protected":false},"author":1,"featured_media":2180,"parent":0,"menu_order":0,"comment_status":"closed","ping_status":"closed","template":"elementor_header_footer","meta":{"footnotes":""},"class_list":["post-2178","page","type-page","status-publish","has-post-thumbnail","hentry"],"_links":{"self":[{"href":"https:\/\/fcba.com.br\/fcba\/wp-json\/wp\/v2\/pages\/2178","targetHints":{"allow":["GET"]}}],"collection":[{"href":"https:\/\/fcba.com.br\/fcba\/wp-json\/wp\/v2\/pages"}],"about":[{"href":"https:\/\/fcba.com.br\/fcba\/wp-json\/wp\/v2\/types\/page"}],"author":[{"embeddable":true,"href":"https:\/\/fcba.com.br\/fcba\/wp-json\/wp\/v2\/users\/1"}],"replies":[{"embeddable":true,"href":"https:\/\/fcba.com.br\/fcba\/wp-json\/wp\/v2\/comments?post=2178"}],"version-history":[{"count":16,"href":"https:\/\/fcba.com.br\/fcba\/wp-json\/wp\/v2\/pages\/2178\/revisions"}],"predecessor-version":[{"id":2219,"href":"https:\/\/fcba.com.br\/fcba\/wp-json\/wp\/v2\/pages\/2178\/revisions\/2219"}],"wp:featuredmedia":[{"embeddable":true,"href":"https:\/\/fcba.com.br\/fcba\/wp-json\/wp\/v2\/media\/2180"}],"wp:attachment":[{"href":"https:\/\/fcba.com.br\/fcba\/wp-json\/wp\/v2\/media?parent=2178"}],"curies":[{"name":"wp","href":"https:\/\/api.w.org\/{rel}","templated":true}]}}