{"id":2064,"date":"2025-06-19T11:26:56","date_gmt":"2025-06-19T14:26:56","guid":{"rendered":"https:\/\/fcba.com.br\/fcba\/?page_id=2064"},"modified":"2025-06-19T12:06:04","modified_gmt":"2025-06-19T15:06:04","slug":"noticias","status":"publish","type":"page","link":"https:\/\/fcba.com.br\/fcba\/noticias\/","title":{"rendered":"Not\u00edcias"},"content":{"rendered":"\t\t<div data-elementor-type=\"wp-page\" data-elementor-id=\"2064\" class=\"elementor elementor-2064\">\n\t\t\t\t\t\t<section class=\"elementor-section elementor-top-section elementor-element elementor-element-019b07f elementor-section-boxed elementor-section-height-default elementor-section-height-default\" data-id=\"019b07f\" data-element_type=\"section\">\n\t\t\t\t\t\t<div class=\"elementor-container elementor-column-gap-default\">\n\t\t\t\t\t<div class=\"elementor-column elementor-col-100 elementor-top-column elementor-element elementor-element-e960177\" data-id=\"e960177\" data-element_type=\"column\">\n\t\t\t<div class=\"elementor-widget-wrap elementor-element-populated\">\n\t\t\t\t\t\t<div class=\"elementor-element elementor-element-3f0c594 elementor-widget elementor-widget-spacer\" data-id=\"3f0c594\" data-element_type=\"widget\" data-widget_type=\"spacer.default\">\n\t\t\t\t<div class=\"elementor-widget-container\">\n\t\t\t\t\t\t\t<div class=\"elementor-spacer\">\n\t\t\t<div class=\"elementor-spacer-inner\"><\/div>\n\t\t<\/div>\n\t\t\t\t\t\t<\/div>\n\t\t\t\t<\/div>\n\t\t\t\t\t<\/div>\n\t\t<\/div>\n\t\t\t\t\t<\/div>\n\t\t<\/section>\n\t\t\t\t<section class=\"elementor-section elementor-top-section elementor-element elementor-element-7422101 elementor-section-boxed elementor-section-height-default elementor-section-height-default\" data-id=\"7422101\" data-element_type=\"section\">\n\t\t\t\t\t\t<div class=\"elementor-container elementor-column-gap-default\">\n\t\t\t\t\t<div class=\"elementor-column elementor-col-100 elementor-top-column elementor-element elementor-element-9cc9ed0\" data-id=\"9cc9ed0\" data-element_type=\"column\">\n\t\t\t<div class=\"elementor-widget-wrap elementor-element-populated\">\n\t\t\t\t\t\t<div class=\"elementor-element elementor-element-1428fbe elementor-widget elementor-widget-heading\" data-id=\"1428fbe\" data-element_type=\"widget\" data-widget_type=\"heading.default\">\n\t\t\t\t<div class=\"elementor-widget-container\">\n\t\t\t\t\t<h2 class=\"elementor-heading-title elementor-size-default\">Not\u00edcias<\/h2>\t\t\t\t<\/div>\n\t\t\t\t<\/div>\n\t\t\t\t\t<\/div>\n\t\t<\/div>\n\t\t\t\t\t<\/div>\n\t\t<\/section>\n\t\t\t\t<section class=\"elementor-section elementor-top-section elementor-element elementor-element-5816171 elementor-section-boxed elementor-section-height-default elementor-section-height-default\" data-id=\"5816171\" data-element_type=\"section\">\n\t\t\t\t\t\t<div class=\"elementor-container elementor-column-gap-default\">\n\t\t\t\t\t<div class=\"elementor-column elementor-col-100 elementor-top-column elementor-element elementor-element-88eb14f\" data-id=\"88eb14f\" data-element_type=\"column\">\n\t\t\t<div class=\"elementor-widget-wrap elementor-element-populated\">\n\t\t\t\t\t\t<div class=\"elementor-element elementor-element-2658cf5 elementor-grid-eael-col-5 elementor-grid-tablet-eael-col-2 elementor-grid-mobile-eael-col-1 elementor-widget elementor-widget-eael-post-grid\" data-id=\"2658cf5\" data-element_type=\"widget\" data-settings=\"{&quot;eael_post_grid_columns&quot;:&quot;eael-col-5&quot;,&quot;eael_post_grid_columns_tablet&quot;:&quot;eael-col-2&quot;,&quot;eael_post_grid_columns_mobile&quot;:&quot;eael-col-1&quot;}\" data-widget_type=\"eael-post-grid.default\">\n\t\t\t\t<div class=\"elementor-widget-container\">\n\t\t\t\t\t<div id=\"eael-post-grid-2658cf5\" class=\"eael-post-grid-container\">\n            <div class=\"eael-post-grid eael-post-appender eael-post-appender-2658cf5 eael-post-grid-style-one\" data-layout-mode=\"grid\"><article class=\"eael-grid-post eael-post-grid-column\" data-id=\"2231\">\n        <div class=\"eael-grid-post-holder\">\n            <div class=\"eael-grid-post-holder-inner\"><div class=\"eael-entry-media\"><div class=\"eael-entry-overlay fade-in\"><i class=\"fas fa-long-arrow-alt-right\" aria-hidden=\"true\"><\/i><a href=\"https:\/\/fcba.com.br\/fcba\/2026\/04\/19\/torneio-internacional-de-capoeira-intercambio-brasil-x-espanha\/\"><\/a><\/div><div class=\"eael-entry-thumbnail \">\n                <img fetchpriority=\"high\" decoding=\"async\" width=\"212\" height=\"300\" src=\"https:\/\/fcba.com.br\/fcba\/wp-content\/uploads\/2026\/04\/torneiointernacional-212x300.jpg\" class=\"attachment-medium size-medium wp-image-2234\" alt=\"\" srcset=\"https:\/\/fcba.com.br\/fcba\/wp-content\/uploads\/2026\/04\/torneiointernacional-212x300.jpg 212w, https:\/\/fcba.com.br\/fcba\/wp-content\/uploads\/2026\/04\/torneiointernacional-723x1024.jpg 723w, https:\/\/fcba.com.br\/fcba\/wp-content\/uploads\/2026\/04\/torneiointernacional-768x1087.jpg 768w, https:\/\/fcba.com.br\/fcba\/wp-content\/uploads\/2026\/04\/torneiointernacional.jpg 1085w\" sizes=\"(max-width: 212px) 100vw, 212px\" \/>\n            <\/div>\n        <\/div><div class=\"eael-entry-wrapper\"><header class=\"eael-entry-header\"><h2 class=\"eael-entry-title\"><a class=\"eael-grid-post-link\" href=\"https:\/\/fcba.com.br\/fcba\/2026\/04\/19\/torneio-internacional-de-capoeira-intercambio-brasil-x-espanha\/\" title=\"Torneio Internacional de Capoeira \u2013 Interc\u00e2mbio Brasil x Espanha\">Torneio Internacional de Capoeira \u2013 Interc\u00e2mbio Brasil x Espanha<\/a><\/h2><\/header><div class=\"eael-entry-content\">\n                        <div class=\"eael-grid-post-excerpt\"><p>Torneio Internacional de Capoeira \u2013 Interc\u00e2mbio Brasil x Espannha A...<\/p><a href=\"https:\/\/fcba.com.br\/fcba\/2026\/04\/19\/torneio-internacional-de-capoeira-intercambio-brasil-x-espanha\/\" class=\"eael-post-elements-readmore-btn\">Leia Mais<\/a><\/div>\n                    <\/div><div class=\"eael-entry-footer\"><div class=\"eael-entry-meta\"><span class=\"eael-posted-by\"><a href=\"https:\/\/fcba.com.br\/fcba\/author\/root\/\" title=\"Artigos de suporte\" rel=\"author\">suporte<\/a><\/span><\/div><\/div><\/div><\/div>\n        <\/div>\n    <\/article><article class=\"eael-grid-post eael-post-grid-column\" data-id=\"2192\">\n        <div class=\"eael-grid-post-holder\">\n            <div class=\"eael-grid-post-holder-inner\"><div class=\"eael-entry-media\"><div class=\"eael-entry-overlay fade-in\"><i class=\"fas fa-long-arrow-alt-right\" aria-hidden=\"true\"><\/i><a href=\"https:\/\/fcba.com.br\/fcba\/2025\/11\/08\/campeonato-baiano-2025\/\"><\/a><\/div><div class=\"eael-entry-thumbnail \">\n                <img decoding=\"async\" width=\"240\" height=\"300\" src=\"https:\/\/fcba.com.br\/fcba\/wp-content\/uploads\/2025\/11\/1-240x300.png\" class=\"attachment-medium size-medium wp-image-2180\" alt=\"\" srcset=\"https:\/\/fcba.com.br\/fcba\/wp-content\/uploads\/2025\/11\/1-240x300.png 240w, https:\/\/fcba.com.br\/fcba\/wp-content\/uploads\/2025\/11\/1-819x1024.png 819w, https:\/\/fcba.com.br\/fcba\/wp-content\/uploads\/2025\/11\/1-768x960.png 768w, https:\/\/fcba.com.br\/fcba\/wp-content\/uploads\/2025\/11\/1.png 1080w\" sizes=\"(max-width: 240px) 100vw, 240px\" \/>\n            <\/div>\n        <\/div><div class=\"eael-entry-wrapper\"><header class=\"eael-entry-header\"><h2 class=\"eael-entry-title\"><a class=\"eael-grid-post-link\" href=\"https:\/\/fcba.com.br\/fcba\/2025\/11\/08\/campeonato-baiano-2025\/\" title=\"CAMPEONATO BAIANO 2025\">CAMPEONATO BAIANO 2025<\/a><\/h2><\/header><div class=\"eael-entry-content\">\n                        <div class=\"eael-grid-post-excerpt\"><p>Campeonato Baiano de Capoeira 2025 \u2013 Ta\u00e7a Mestre Geni A...<\/p><a href=\"https:\/\/fcba.com.br\/fcba\/2025\/11\/08\/campeonato-baiano-2025\/\" class=\"eael-post-elements-readmore-btn\">Leia Mais<\/a><\/div>\n                    <\/div><div class=\"eael-entry-footer\"><div class=\"eael-entry-meta\"><span class=\"eael-posted-by\"><a href=\"https:\/\/fcba.com.br\/fcba\/author\/root\/\" title=\"Artigos de suporte\" rel=\"author\">suporte<\/a><\/span><\/div><\/div><\/div><\/div>\n        <\/div>\n    <\/article><article class=\"eael-grid-post eael-post-grid-column\" data-id=\"2156\">\n        <div class=\"eael-grid-post-holder\">\n            <div class=\"eael-grid-post-holder-inner\"><div class=\"eael-entry-media\"><div class=\"eael-entry-overlay fade-in\"><i class=\"fas fa-long-arrow-alt-right\" aria-hidden=\"true\"><\/i><a href=\"https:\/\/fcba.com.br\/fcba\/2025\/08\/15\/salvador-recebe-o-v-festival-internacional-de-capoeira-regional-com-mestres-do-brasil-paraguai-e-espanha-e-homenagem-aos-80-anos-do-mestre-saci\/\"><\/a><\/div><div class=\"eael-entry-thumbnail \">\n                <img decoding=\"async\" width=\"212\" height=\"300\" src=\"https:\/\/fcba.com.br\/fcba\/wp-content\/uploads\/2025\/08\/1000217601-212x300.jpg\" class=\"attachment-medium size-medium wp-image-2162\" alt=\"\" srcset=\"https:\/\/fcba.com.br\/fcba\/wp-content\/uploads\/2025\/08\/1000217601-212x300.jpg 212w, https:\/\/fcba.com.br\/fcba\/wp-content\/uploads\/2025\/08\/1000217601.jpg 691w\" sizes=\"(max-width: 212px) 100vw, 212px\" \/>\n            <\/div>\n        <\/div><div class=\"eael-entry-wrapper\"><header class=\"eael-entry-header\"><h2 class=\"eael-entry-title\"><a class=\"eael-grid-post-link\" href=\"https:\/\/fcba.com.br\/fcba\/2025\/08\/15\/salvador-recebe-o-v-festival-internacional-de-capoeira-regional-com-mestres-do-brasil-paraguai-e-espanha-e-homenagem-aos-80-anos-do-mestre-saci\/\" title=\"Salvador recebe o V Festival Internacional de Capoeira Regional com mestres do Brasil, Paraguai e Espanha e homenagem aos 80 anos do Mestre Saci\">Salvador recebe o V Festival Internacional de Capoeira Regional com mestres do Brasil, Paraguai e Espanha e homenagem aos 80 anos do Mestre Saci<\/a><\/h2><\/header><div class=\"eael-entry-content\">\n                        <div class=\"eael-grid-post-excerpt\"><p>Salvador recebe o V Festival Internacional de Capoeira Regional com...<\/p><a href=\"https:\/\/fcba.com.br\/fcba\/2025\/08\/15\/salvador-recebe-o-v-festival-internacional-de-capoeira-regional-com-mestres-do-brasil-paraguai-e-espanha-e-homenagem-aos-80-anos-do-mestre-saci\/\" class=\"eael-post-elements-readmore-btn\">Leia Mais<\/a><\/div>\n                    <\/div><div class=\"eael-entry-footer\"><div class=\"eael-entry-meta\"><span class=\"eael-posted-by\"><a href=\"https:\/\/fcba.com.br\/fcba\/author\/root\/\" title=\"Artigos de suporte\" rel=\"author\">suporte<\/a><\/span><\/div><\/div><\/div><\/div>\n        <\/div>\n    <\/article><article class=\"eael-grid-post eael-post-grid-column\" data-id=\"2115\">\n        <div class=\"eael-grid-post-holder\">\n            <div class=\"eael-grid-post-holder-inner\"><div class=\"eael-entry-media\"><div class=\"eael-entry-overlay fade-in\"><i class=\"fas fa-long-arrow-alt-right\" aria-hidden=\"true\"><\/i><a href=\"https:\/\/fcba.com.br\/fcba\/2025\/08\/09\/16o-camacari-open-de-capoeira-movimenta-camacari-e-presta-homenagem-aos-80-anos-do-mestre-baiano\/\"><\/a><\/div><div class=\"eael-entry-thumbnail \">\n                <img loading=\"lazy\" decoding=\"async\" width=\"300\" height=\"178\" src=\"https:\/\/fcba.com.br\/fcba\/wp-content\/uploads\/2025\/08\/Captura-de-tela-2025-08-09-153108-300x178.png\" class=\"attachment-medium size-medium wp-image-2116\" alt=\"\" srcset=\"https:\/\/fcba.com.br\/fcba\/wp-content\/uploads\/2025\/08\/Captura-de-tela-2025-08-09-153108-300x178.png 300w, https:\/\/fcba.com.br\/fcba\/wp-content\/uploads\/2025\/08\/Captura-de-tela-2025-08-09-153108.png 624w\" sizes=\"(max-width: 300px) 100vw, 300px\" \/>\n            <\/div>\n        <\/div><div class=\"eael-entry-wrapper\"><header class=\"eael-entry-header\"><h2 class=\"eael-entry-title\"><a class=\"eael-grid-post-link\" href=\"https:\/\/fcba.com.br\/fcba\/2025\/08\/09\/16o-camacari-open-de-capoeira-movimenta-camacari-e-presta-homenagem-aos-80-anos-do-mestre-baiano\/\" title=\"16\u00ba Cama\u00e7ari Open de Capoeira movimenta Cama\u00e7ari e presta homenagem aos 80 anos do Mestre Baiano\">16\u00ba Cama\u00e7ari Open de Capoeira movimenta Cama\u00e7ari e presta homenagem aos 80 anos do Mestre Baiano<\/a><\/h2><\/header><div class=\"eael-entry-content\">\n                        <div class=\"eael-grid-post-excerpt\"><p>16\u00ba Cama\u00e7ari Open de Capoeira movimenta Cama\u00e7ari e presta homenagem...<\/p><a href=\"https:\/\/fcba.com.br\/fcba\/2025\/08\/09\/16o-camacari-open-de-capoeira-movimenta-camacari-e-presta-homenagem-aos-80-anos-do-mestre-baiano\/\" class=\"eael-post-elements-readmore-btn\">Leia Mais<\/a><\/div>\n                    <\/div><div class=\"eael-entry-footer\"><div class=\"eael-entry-meta\"><span class=\"eael-posted-by\"><a href=\"https:\/\/fcba.com.br\/fcba\/author\/root\/\" title=\"Artigos de suporte\" rel=\"author\">suporte<\/a><\/span><\/div><\/div><\/div><\/div>\n        <\/div>\n    <\/article><\/div>\n            <div class=\"clearfix\"><\/div>\n        <\/div>            <div class=\"eael-load-more-button-wrap eael-force-hide\">\n                <button class=\"eael-load-more-button\" id=\"eael-load-more-btn-2658cf5\" data-widget-id=\"2658cf5\" data-widget=\"2658cf5\" data-page-id=\"2064\" data-template=\"{&quot;dir&quot;:&quot;lite&quot;,&quot;file_name&quot;:&quot;one.php&quot;,&quot;name&quot;:&quot;Post-Grid&quot;}\" data-class=\"Essential_Addons_Elementor\\Elements\\Post_Grid\" data-layout=\"grid\" data-page=\"1\" data-args=\"orderby=date&amp;order=desc&amp;ignore_sticky_posts=1&amp;post_status=publish&amp;posts_per_page=4&amp;offset=0&amp;post_type=post\" data-max-page=\"6\">\n                    <span class=\"eael-btn-loader button__loader\"><\/span>\n                    <span class=\"eael_load_more_text\">Load More<\/span>\n                <\/button>\n            <\/div>\n            \t\t\t\t<\/div>\n\t\t\t\t<\/div>\n\t\t\t\t\t<\/div>\n\t\t<\/div>\n\t\t\t\t\t<\/div>\n\t\t<\/section>\n\t\t\t\t<\/div>\n\t\t","protected":false},"excerpt":{"rendered":"<p>Not\u00edcias O Secret\u00e1rio J\u00fanior Magalh\u00e3es Recebe a Fcba \u2013 Federa\u00e7\u00e3o De Capoeira Do Estado Da Bahia &#8211; com propostas coerentes \u00e1 politica institucional. O Secret\u00e1rio J\u00fanior Magalh\u00e3es Recebe A Fcba \u2013 Federa\u00e7\u00e3o De&#8230; Leia Mais suporte Palestra da FCBA em Boquira Refor\u00e7a Import\u00e2ncia da Capoeira e Pol\u00edticas P\u00fablicas Palestra da [&hellip;]<\/p>\n","protected":false},"author":1,"featured_media":0,"parent":0,"menu_order":0,"comment_status":"closed","ping_status":"closed","template":"page-templates\/template-pagebuilder-full-width.php","meta":{"footnotes":""},"class_list":["post-2064","page","type-page","status-publish","hentry"],"_links":{"self":[{"href":"https:\/\/fcba.com.br\/fcba\/wp-json\/wp\/v2\/pages\/2064","targetHints":{"allow":["GET"]}}],"collection":[{"href":"https:\/\/fcba.com.br\/fcba\/wp-json\/wp\/v2\/pages"}],"about":[{"href":"https:\/\/fcba.com.br\/fcba\/wp-json\/wp\/v2\/types\/page"}],"author":[{"embeddable":true,"href":"https:\/\/fcba.com.br\/fcba\/wp-json\/wp\/v2\/users\/1"}],"replies":[{"embeddable":true,"href":"https:\/\/fcba.com.br\/fcba\/wp-json\/wp\/v2\/comments?post=2064"}],"version-history":[{"count":16,"href":"https:\/\/fcba.com.br\/fcba\/wp-json\/wp\/v2\/pages\/2064\/revisions"}],"predecessor-version":[{"id":2112,"href":"https:\/\/fcba.com.br\/fcba\/wp-json\/wp\/v2\/pages\/2064\/revisions\/2112"}],"wp:attachment":[{"href":"https:\/\/fcba.com.br\/fcba\/wp-json\/wp\/v2\/media?parent=2064"}],"curies":[{"name":"wp","href":"https:\/\/api.w.org\/{rel}","templated":true}]}}