{"id":127,"date":"2021-03-25T02:34:53","date_gmt":"2021-03-25T02:34:53","guid":{"rendered":"https:\/\/fcba.com.br\/fcba\/?page_id=127"},"modified":"2025-03-23T18:30:02","modified_gmt":"2025-03-23T21:30:02","slug":"sobre-fcba","status":"publish","type":"page","link":"https:\/\/fcba.com.br\/fcba\/sobre-fcba\/","title":{"rendered":"SOBRE FCBA"},"content":{"rendered":"\t\t<div data-elementor-type=\"wp-page\" data-elementor-id=\"127\" class=\"elementor elementor-127\">\n\t\t\t\t\t\t<section class=\"elementor-section elementor-top-section elementor-element elementor-element-56c96d4 elementor-section-boxed elementor-section-height-default elementor-section-height-default\" data-id=\"56c96d4\" data-element_type=\"section\">\n\t\t\t\t\t\t<div class=\"elementor-container elementor-column-gap-default\">\n\t\t\t\t\t<div class=\"elementor-column elementor-col-100 elementor-top-column elementor-element elementor-element-78888af\" data-id=\"78888af\" data-element_type=\"column\">\n\t\t\t<div class=\"elementor-widget-wrap elementor-element-populated\">\n\t\t\t\t\t\t<div class=\"elementor-element elementor-element-cb7bd18 elementor-widget elementor-widget-spacer\" data-id=\"cb7bd18\" data-element_type=\"widget\" data-widget_type=\"spacer.default\">\n\t\t\t\t<div class=\"elementor-widget-container\">\n\t\t\t\t\t\t\t<div class=\"elementor-spacer\">\n\t\t\t<div class=\"elementor-spacer-inner\"><\/div>\n\t\t<\/div>\n\t\t\t\t\t\t<\/div>\n\t\t\t\t<\/div>\n\t\t\t\t\t<\/div>\n\t\t<\/div>\n\t\t\t\t\t<\/div>\n\t\t<\/section>\n\t\t\t\t<section class=\"elementor-section elementor-top-section elementor-element elementor-element-549abc4 elementor-section-boxed elementor-section-height-default elementor-section-height-default\" data-id=\"549abc4\" data-element_type=\"section\">\n\t\t\t\t\t\t<div class=\"elementor-container elementor-column-gap-default\">\n\t\t\t\t\t<div class=\"elementor-column elementor-col-100 elementor-top-column elementor-element elementor-element-e08e428\" data-id=\"e08e428\" data-element_type=\"column\">\n\t\t\t<div class=\"elementor-widget-wrap elementor-element-populated\">\n\t\t\t\t\t\t<div class=\"elementor-element elementor-element-97b799d elementor-widget elementor-widget-image\" data-id=\"97b799d\" data-element_type=\"widget\" data-widget_type=\"image.default\">\n\t\t\t\t<div class=\"elementor-widget-container\">\n\t\t\t\t\t\t\t\t\t\t\t\t\t\t\t<img decoding=\"async\" src=\"https:\/\/fcba.com.br\/fcba\/wp-content\/uploads\/elementor\/thumbs\/MARCA-FCBA-Azul-site-1-p4pvdbeymdmztneksuc2jc767gbsd8xy4btoccr2ey.jpg\" title=\"MARCA FCBA Azul site\" alt=\"MARCA FCBA Azul site\" loading=\"lazy\" \/>\t\t\t\t\t\t\t\t\t\t\t\t\t\t\t<\/div>\n\t\t\t\t<\/div>\n\t\t\t\t\t<\/div>\n\t\t<\/div>\n\t\t\t\t\t<\/div>\n\t\t<\/section>\n\t\t\t\t<section class=\"elementor-section elementor-top-section elementor-element elementor-element-03c18d9 elementor-section-boxed elementor-section-height-default elementor-section-height-default\" data-id=\"03c18d9\" data-element_type=\"section\">\n\t\t\t\t\t\t<div class=\"elementor-container elementor-column-gap-default\">\n\t\t\t\t\t<div class=\"elementor-column elementor-col-33 elementor-top-column elementor-element elementor-element-0a74963\" data-id=\"0a74963\" data-element_type=\"column\">\n\t\t\t<div class=\"elementor-widget-wrap elementor-element-populated\">\n\t\t\t\t\t\t<div class=\"elementor-element elementor-element-d8bc99a elementor-view-default elementor-widget elementor-widget-icon\" data-id=\"d8bc99a\" data-element_type=\"widget\" data-widget_type=\"icon.default\">\n\t\t\t\t<div class=\"elementor-widget-container\">\n\t\t\t\t\t\t\t<div class=\"elementor-icon-wrapper\">\n\t\t\t<div class=\"elementor-icon\">\n\t\t\t<i aria-hidden=\"true\" class=\"fas fa-check-circle\"><\/i>\t\t\t<\/div>\n\t\t<\/div>\n\t\t\t\t\t\t<\/div>\n\t\t\t\t<\/div>\n\t\t\t\t<div class=\"elementor-element elementor-element-84c1705 elementor-widget elementor-widget-heading\" data-id=\"84c1705\" data-element_type=\"widget\" data-widget_type=\"heading.default\">\n\t\t\t\t<div class=\"elementor-widget-container\">\n\t\t\t\t\t<h2 class=\"elementor-heading-title elementor-size-default\">MISS\u00c3O<\/h2>\t\t\t\t<\/div>\n\t\t\t\t<\/div>\n\t\t\t\t<div class=\"elementor-element elementor-element-1084687 elementor-widget elementor-widget-text-editor\" data-id=\"1084687\" data-element_type=\"widget\" data-widget_type=\"text-editor.default\">\n\t\t\t\t<div class=\"elementor-widget-container\">\n\t\t\t\t\t\t\t\t\t<p style=\"text-align: justify;\">Promover, organizar e fortalecer a capoeira no Estado da Bahia, valorizando sua dimens\u00e3o cultural, esportiva e educacional. Fomentar o desenvolvimento de mestres, professores e praticantes, garantindo o reconhecimento e a preserva\u00e7\u00e3o das tradi\u00e7\u00f5es da capoeira, ao mesmo tempo em que impulsiona sua evolu\u00e7\u00e3o como ferramenta de inclus\u00e3o social, identidade cultural e cidadania.<\/p>\t\t\t\t\t\t\t\t<\/div>\n\t\t\t\t<\/div>\n\t\t\t\t\t<\/div>\n\t\t<\/div>\n\t\t\t\t<div class=\"elementor-column elementor-col-33 elementor-top-column elementor-element elementor-element-83ce9f2\" data-id=\"83ce9f2\" data-element_type=\"column\">\n\t\t\t<div class=\"elementor-widget-wrap elementor-element-populated\">\n\t\t\t\t\t\t<div class=\"elementor-element elementor-element-e4003c8 elementor-view-default elementor-widget elementor-widget-icon\" data-id=\"e4003c8\" data-element_type=\"widget\" data-widget_type=\"icon.default\">\n\t\t\t\t<div class=\"elementor-widget-container\">\n\t\t\t\t\t\t\t<div class=\"elementor-icon-wrapper\">\n\t\t\t<div class=\"elementor-icon\">\n\t\t\t<i aria-hidden=\"true\" class=\"far fa-check-circle\"><\/i>\t\t\t<\/div>\n\t\t<\/div>\n\t\t\t\t\t\t<\/div>\n\t\t\t\t<\/div>\n\t\t\t\t<div class=\"elementor-element elementor-element-059e494 elementor-widget elementor-widget-heading\" data-id=\"059e494\" data-element_type=\"widget\" data-widget_type=\"heading.default\">\n\t\t\t\t<div class=\"elementor-widget-container\">\n\t\t\t\t\t<h2 class=\"elementor-heading-title elementor-size-default\">VIS\u00c3O<\/h2>\t\t\t\t<\/div>\n\t\t\t\t<\/div>\n\t\t\t\t<div class=\"elementor-element elementor-element-a5d25f1 elementor-widget elementor-widget-text-editor\" data-id=\"a5d25f1\" data-element_type=\"widget\" data-widget_type=\"text-editor.default\">\n\t\t\t\t<div class=\"elementor-widget-container\">\n\t\t\t\t\t\t\t\t\t<p style=\"text-align: justify;\">Ser refer\u00eancia no Brasil e no mundo na promo\u00e7\u00e3o e regulamenta\u00e7\u00e3o da capoeira, consolidando a Bahia como um polo de excel\u00eancia na forma\u00e7\u00e3o de capoeiristas e na difus\u00e3o da capoeira como patrim\u00f4nio cultural, esportivo e educativo.<\/p>\t\t\t\t\t\t\t\t<\/div>\n\t\t\t\t<\/div>\n\t\t\t\t\t<\/div>\n\t\t<\/div>\n\t\t\t\t<div class=\"elementor-column elementor-col-33 elementor-top-column elementor-element elementor-element-0c906bf\" data-id=\"0c906bf\" data-element_type=\"column\">\n\t\t\t<div class=\"elementor-widget-wrap elementor-element-populated\">\n\t\t\t\t\t\t<div class=\"elementor-element elementor-element-c20e2a3 elementor-view-default elementor-widget elementor-widget-icon\" data-id=\"c20e2a3\" data-element_type=\"widget\" data-widget_type=\"icon.default\">\n\t\t\t\t<div class=\"elementor-widget-container\">\n\t\t\t\t\t\t\t<div class=\"elementor-icon-wrapper\">\n\t\t\t<div class=\"elementor-icon\">\n\t\t\t<i aria-hidden=\"true\" class=\"fas fa-check-circle\"><\/i>\t\t\t<\/div>\n\t\t<\/div>\n\t\t\t\t\t\t<\/div>\n\t\t\t\t<\/div>\n\t\t\t\t<div class=\"elementor-element elementor-element-e03f0db elementor-widget elementor-widget-heading\" data-id=\"e03f0db\" data-element_type=\"widget\" data-widget_type=\"heading.default\">\n\t\t\t\t<div class=\"elementor-widget-container\">\n\t\t\t\t\t<h2 class=\"elementor-heading-title elementor-size-default\">VALORES<\/h2>\t\t\t\t<\/div>\n\t\t\t\t<\/div>\n\t\t\t\t<div class=\"elementor-element elementor-element-a538cd4 elementor-widget elementor-widget-text-editor\" data-id=\"a538cd4\" data-element_type=\"widget\" data-widget_type=\"text-editor.default\">\n\t\t\t\t<div class=\"elementor-widget-container\">\n\t\t\t\t\t\t\t\t\t<div style=\"max-height: 150px; overflow-y: auto; border: 0px solid #ccc; padding: 10px;\">\n  <ul>\n    <li><strong>Respeito \u00e0 Tradi\u00e7\u00e3o<\/strong> \u2013 Preserva\u00e7\u00e3o dos fundamentos hist\u00f3ricos e culturais da capoeira.<\/li>\n    <li><strong>Inclus\u00e3o e Diversidade<\/strong> \u2013 A capoeira como espa\u00e7o acess\u00edvel a todas as pessoas, independente de g\u00eanero, etnia ou condi\u00e7\u00e3o social.<\/li>\n    <li><strong>\u00c9tica e Transpar\u00eancia<\/strong> \u2013 Atua\u00e7\u00e3o respons\u00e1vel e transparente na gest\u00e3o e nas rela\u00e7\u00f5es institucionais.<\/li>\n    <li><strong>Educa\u00e7\u00e3o e Forma\u00e7\u00e3o<\/strong> \u2013 Valoriza\u00e7\u00e3o da capoeira como ferramenta pedag\u00f3gica e de desenvolvimento humano.<\/li>\n    <li><strong>Inova\u00e7\u00e3o e Sustentabilidade<\/strong> \u2013 Incentivo ao crescimento sustent\u00e1vel da capoeira, integrando tradi\u00e7\u00e3o e modernidade.<\/li>\n    <li><strong>Fortalecimento Comunit\u00e1rio<\/strong> \u2013 Apoio \u00e0s rodas, grupos e mestres que mant\u00eam viva a capoeira nas comunidades.<\/li>\n  <\/ul>\n<\/div>\t\t\t\t\t\t\t\t<\/div>\n\t\t\t\t<\/div>\n\t\t\t\t\t<\/div>\n\t\t<\/div>\n\t\t\t\t\t<\/div>\n\t\t<\/section>\n\t\t\t\t<section class=\"elementor-section elementor-top-section elementor-element elementor-element-28eb22d elementor-section-boxed elementor-section-height-default elementor-section-height-default\" data-id=\"28eb22d\" data-element_type=\"section\">\n\t\t\t\t\t\t<div class=\"elementor-container elementor-column-gap-default\">\n\t\t\t\t\t<div class=\"elementor-column elementor-col-66 elementor-top-column elementor-element elementor-element-a203c4a\" data-id=\"a203c4a\" data-element_type=\"column\">\n\t\t\t<div class=\"elementor-widget-wrap elementor-element-populated\">\n\t\t\t\t\t\t<div class=\"elementor-element elementor-element-a39a9aa elementor-view-default elementor-widget elementor-widget-icon\" data-id=\"a39a9aa\" data-element_type=\"widget\" data-widget_type=\"icon.default\">\n\t\t\t\t<div class=\"elementor-widget-container\">\n\t\t\t\t\t\t\t<div class=\"elementor-icon-wrapper\">\n\t\t\t<div class=\"elementor-icon\">\n\t\t\t<i aria-hidden=\"true\" class=\"fab fa-diaspora\"><\/i>\t\t\t<\/div>\n\t\t<\/div>\n\t\t\t\t\t\t<\/div>\n\t\t\t\t<\/div>\n\t\t\t\t\t<\/div>\n\t\t<\/div>\n\t\t\t\t<div class=\"elementor-column elementor-col-33 elementor-top-column elementor-element elementor-element-a5023e2\" data-id=\"a5023e2\" data-element_type=\"column\">\n\t\t\t<div class=\"elementor-widget-wrap elementor-element-populated\">\n\t\t\t\t\t\t<div class=\"elementor-element elementor-element-a408e57 elementor-widget elementor-widget-heading\" data-id=\"a408e57\" data-element_type=\"widget\" data-widget_type=\"heading.default\">\n\t\t\t\t<div class=\"elementor-widget-container\">\n\t\t\t\t\t<h2 class=\"elementor-heading-title elementor-size-default\">QUEM SOMOS <\/h2>\t\t\t\t<\/div>\n\t\t\t\t<\/div>\n\t\t\t\t<div class=\"elementor-element elementor-element-8c0fd62 elementor-widget-divider--view-line elementor-widget elementor-widget-divider\" data-id=\"8c0fd62\" data-element_type=\"widget\" data-widget_type=\"divider.default\">\n\t\t\t\t<div class=\"elementor-widget-container\">\n\t\t\t\t\t\t\t<div class=\"elementor-divider\">\n\t\t\t<span class=\"elementor-divider-separator\">\n\t\t\t\t\t\t<\/span>\n\t\t<\/div>\n\t\t\t\t\t\t<\/div>\n\t\t\t\t<\/div>\n\t\t\t\t\t<\/div>\n\t\t<\/div>\n\t\t\t\t\t<\/div>\n\t\t<\/section>\n\t\t\t\t<section class=\"elementor-section elementor-top-section elementor-element elementor-element-64ebee2 elementor-section-boxed elementor-section-height-default elementor-section-height-default\" data-id=\"64ebee2\" data-element_type=\"section\">\n\t\t\t\t\t\t<div class=\"elementor-container elementor-column-gap-default\">\n\t\t\t\t\t<div class=\"elementor-column elementor-col-100 elementor-top-column elementor-element elementor-element-3cedecf\" data-id=\"3cedecf\" data-element_type=\"column\">\n\t\t\t<div class=\"elementor-widget-wrap elementor-element-populated\">\n\t\t\t\t\t\t<div class=\"elementor-element elementor-element-f1ae095 elementor-widget elementor-widget-text-editor\" data-id=\"f1ae095\" data-element_type=\"widget\" data-widget_type=\"text-editor.default\">\n\t\t\t\t<div class=\"elementor-widget-container\">\n\t\t\t\t\t\t\t\t\t<p style=\"text-align: justify;\">A\u00a0 <strong>Federa\u00e7\u00e3o de Capoeira do Estado da Bahia (FCBA)<\/strong> foi fundada em\u00a0<strong> 23 de novembro de 1984<\/strong> com a miss\u00e3o de organizar, regulamentar e fomentar a capoeira no estado, garantindo sua valoriza\u00e7\u00e3o como patrim\u00f4nio cultural, esportivo e educacional. Sua cria\u00e7\u00e3o resultou do esfor\u00e7o coletivo de mestres e praticantes que, reconhecendo a import\u00e2ncia da capoeira para a identidade baiana e brasileira, uniram-se para estabelecer uma entidade representativa e estruturada para o desenvolvimento da capoeira.<br \/>Desde sua funda\u00e7\u00e3o, a FCBA tem atuado para preservar as tradi\u00e7\u00f5es e impulsionar o crescimento da capoeira, fortalecendo mestres, professores, praticantes e grupos. A Federa\u00e7\u00e3o promove eventos, forma\u00e7\u00f5es e pol\u00edticas p\u00fablicas voltadas para o reconhecimento e expans\u00e3o da capoeira, garantindo sua continuidade e evolu\u00e7\u00e3o.<br \/>A Bahia, ber\u00e7o da capoeira, tem um papel central na hist\u00f3ria dessa manifesta\u00e7\u00e3o cultural, e a FCBA busca honrar essa heran\u00e7a, promovendo a integra\u00e7\u00e3o entre tradi\u00e7\u00e3o e inova\u00e7\u00e3o. A Federa\u00e7\u00e3o trabalha na estrutura\u00e7\u00e3o da capoeira como modalidade esportiva, sem perder sua ess\u00eancia hist\u00f3rica e social, garantindo que suas ra\u00edzes africanas e seu legado de resist\u00eancia permane\u00e7am vivos.<br \/>Al\u00e9m disso, a FCBA atua na interlocu\u00e7\u00e3o com \u00f3rg\u00e3os governamentais, entidades culturais e esportivas, assegurando que a capoeira tenha representatividade e reconhecimento em diferentes esferas da sociedade. Seu objetivo \u00e9 consolidar a Bahia como refer\u00eancia mundial na capoeira, criando oportunidades para seus praticantes e fortalecendo a identidade cultural do estado.<\/p>\t\t\t\t\t\t\t\t<\/div>\n\t\t\t\t<\/div>\n\t\t\t\t\t<\/div>\n\t\t<\/div>\n\t\t\t\t\t<\/div>\n\t\t<\/section>\n\t\t\t\t<section class=\"elementor-section elementor-top-section elementor-element elementor-element-45d6369 elementor-section-boxed elementor-section-height-default elementor-section-height-default\" data-id=\"45d6369\" data-element_type=\"section\">\n\t\t\t\t\t\t<div class=\"elementor-container elementor-column-gap-default\">\n\t\t\t\t\t<div class=\"elementor-column elementor-col-66 elementor-top-column elementor-element elementor-element-f4555f7\" data-id=\"f4555f7\" data-element_type=\"column\">\n\t\t\t<div class=\"elementor-widget-wrap elementor-element-populated\">\n\t\t\t\t\t\t<div class=\"elementor-element elementor-element-bd0a3a1 elementor-view-default elementor-widget elementor-widget-icon\" data-id=\"bd0a3a1\" data-element_type=\"widget\" data-widget_type=\"icon.default\">\n\t\t\t\t<div class=\"elementor-widget-container\">\n\t\t\t\t\t\t\t<div class=\"elementor-icon-wrapper\">\n\t\t\t<div class=\"elementor-icon\">\n\t\t\t<i aria-hidden=\"true\" class=\"fab fa-diaspora\"><\/i>\t\t\t<\/div>\n\t\t<\/div>\n\t\t\t\t\t\t<\/div>\n\t\t\t\t<\/div>\n\t\t\t\t\t<\/div>\n\t\t<\/div>\n\t\t\t\t<div class=\"elementor-column elementor-col-33 elementor-top-column elementor-element elementor-element-3a6056e\" data-id=\"3a6056e\" data-element_type=\"column\">\n\t\t\t<div class=\"elementor-widget-wrap elementor-element-populated\">\n\t\t\t\t\t\t<div class=\"elementor-element elementor-element-d01868a elementor-widget elementor-widget-heading\" data-id=\"d01868a\" data-element_type=\"widget\" data-widget_type=\"heading.default\">\n\t\t\t\t<div class=\"elementor-widget-container\">\n\t\t\t\t\t<h2 class=\"elementor-heading-title elementor-size-default\">Direitos e Privil\u00e9gios dos Federados da Federa\u00e7\u00e3o de Capoeira do Estado da Bahia (FCBA)<\/h2>\t\t\t\t<\/div>\n\t\t\t\t<\/div>\n\t\t\t\t<div class=\"elementor-element elementor-element-a110069 elementor-widget-divider--view-line elementor-widget elementor-widget-divider\" data-id=\"a110069\" data-element_type=\"widget\" data-widget_type=\"divider.default\">\n\t\t\t\t<div class=\"elementor-widget-container\">\n\t\t\t\t\t\t\t<div class=\"elementor-divider\">\n\t\t\t<span class=\"elementor-divider-separator\">\n\t\t\t\t\t\t<\/span>\n\t\t<\/div>\n\t\t\t\t\t\t<\/div>\n\t\t\t\t<\/div>\n\t\t\t\t\t<\/div>\n\t\t<\/div>\n\t\t\t\t\t<\/div>\n\t\t<\/section>\n\t\t\t\t<section class=\"elementor-section elementor-top-section elementor-element elementor-element-dfcf551 elementor-section-boxed elementor-section-height-default elementor-section-height-default\" data-id=\"dfcf551\" data-element_type=\"section\">\n\t\t\t\t\t\t<div class=\"elementor-container elementor-column-gap-default\">\n\t\t\t\t\t<div class=\"elementor-column elementor-col-100 elementor-top-column elementor-element elementor-element-0a9bf0f\" data-id=\"0a9bf0f\" data-element_type=\"column\">\n\t\t\t<div class=\"elementor-widget-wrap elementor-element-populated\">\n\t\t\t\t\t\t<div class=\"elementor-element elementor-element-ddaeac1 elementor-widget elementor-widget-text-editor\" data-id=\"ddaeac1\" data-element_type=\"widget\" data-widget_type=\"text-editor.default\">\n\t\t\t\t<div class=\"elementor-widget-container\">\n\t\t\t\t\t\t\t\t\t<p>A Federa\u00e7\u00e3o de Capoeira do Estado da Bahia (FCBA), enquanto entidade representativa da capoeira no estado, assegura a seus federados uma s\u00e9rie de direitos, privil\u00e9gios e benef\u00edcios que contribuem para seu crescimento, reconhecimento e valoriza\u00e7\u00e3o dentro da capoeira.<\/p><p><strong>Direitos dos Federados<\/strong><br \/>1. Reconhecimento e Certifica\u00e7\u00e3o \u2013 Receber credenciamento oficial da FCBA, garantindo legitimidade e valoriza\u00e7\u00e3o como mestres, professores, instrutores e praticantes de capoeira. <br \/>2. Participa\u00e7\u00e3o em Eventos Oficiais \u2013 Ter acesso a campeonatos, festivais, encontros e rodas de capoeira organizados ou apoiados pela Federa\u00e7\u00e3o. <br \/>3. Apoio na Forma\u00e7\u00e3o e Capacita\u00e7\u00e3o \u2013 Beneficiar-se de cursos, oficinas e programas de qualifica\u00e7\u00e3o promovidos pela FCBA, ampliando seus conhecimentos t\u00e9cnicos, pedag\u00f3gicos e hist\u00f3ricos. <br \/>4. Acesso a Benef\u00edcios e Parcerias \u2013 Participar de programas e conv\u00eanios firmados pela Federa\u00e7\u00e3o com institui\u00e7\u00f5es p\u00fablicas e privadas, incluindo incentivos culturais e esportivos. <br \/>5. Representa\u00e7\u00e3o Institucional \u2013 Ser representado pela FCBA junto a \u00f3rg\u00e3os governamentais, entidades culturais e esportivas, garantindo reconhecimento e direitos no \u00e2mbito da capoeira. <br \/>6. Prote\u00e7\u00e3o e Defesa dos Interesses \u2013 Contar com o respaldo da Federa\u00e7\u00e3o na defesa dos direitos dos capoeiristas, incluindo condi\u00e7\u00f5es dignas para o ensino e a pr\u00e1tica da capoeira. <br \/>7. Participa\u00e7\u00e3o na Gest\u00e3o da Capoeira \u2013 Ter voz ativa em assembleias, reuni\u00f5es e decis\u00f5es estrat\u00e9gicas da FCBA, contribuindo para o fortalecimento da capoeira no estado. <br \/>8. Suporte a Grupos e Projetos \u2013 Receber orienta\u00e7\u00f5es e apoio t\u00e9cnico para a estrutura\u00e7\u00e3o e regulariza\u00e7\u00e3o de grupos, academias e rodas de capoeira. <br \/>9. Oportunidades em Projetos Sociais \u2013 Integrar iniciativas que utilizam a capoeira como ferramenta de inclus\u00e3o social, beneficiando comunidades e fortalecendo o papel educativo da arte.<\/p><p><strong>Privil\u00e9gios dos Federados<\/strong><br \/>1. Legitimidade e Autoridade \u2013 Ter o respaldo da FCBA como profissional ou praticante reconhecido dentro da capoeira no Estado da Bahia. <br \/>2. Exclusividade na Gradua\u00e7\u00e3o e Certifica\u00e7\u00e3o \u2013 Possuir t\u00edtulos e certifica\u00e7\u00f5es emitidos pela FCBA, assegurando autenticidade e reconhecimento perante a comunidade capoeirista. <br \/>3. Prioridade em Eventos e Competi\u00e7\u00f5es \u2013 Ter prefer\u00eancia na inscri\u00e7\u00e3o e participa\u00e7\u00e3o em eventos oficiais da Federa\u00e7\u00e3o. <br \/>4. Acesso a Recursos e Incentivos \u2013 Ser contemplado por programas de fomento, patroc\u00ednios e financiamentos destinados ao fortalecimento da capoeira e seus profissionais. <br \/>5. Influ\u00eancia nas Pol\u00edticas P\u00fablicas \u2013 Contribuir para a constru\u00e7\u00e3o de pol\u00edticas voltadas \u00e0 valoriza\u00e7\u00e3o da capoeira, tendo a FCBA como representante na interlocu\u00e7\u00e3o com o poder p\u00fablico. <br \/>6. Organiza\u00e7\u00e3o de Campeonatos e Roda Oficiais \u2013 Poder organizar, com o suporte da Federa\u00e7\u00e3o, eventos oficiais que sigam os padr\u00f5es e diretrizes estabelecidos para a capoeira. <br \/>7. Registro e Prote\u00e7\u00e3o do Patrim\u00f4nio \u2013 Fazer parte de um movimento comprometido com a preserva\u00e7\u00e3o da capoeira, garantindo que sua hist\u00f3ria e tradi\u00e7\u00e3o sejam mantidas e respeitadas. <\/p>\t\t\t\t\t\t\t\t<\/div>\n\t\t\t\t<\/div>\n\t\t\t\t\t<\/div>\n\t\t<\/div>\n\t\t\t\t\t<\/div>\n\t\t<\/section>\n\t\t\t\t<section class=\"elementor-section elementor-top-section elementor-element elementor-element-317ef5b elementor-section-boxed elementor-section-height-default elementor-section-height-default\" data-id=\"317ef5b\" data-element_type=\"section\">\n\t\t\t\t\t\t<div class=\"elementor-container elementor-column-gap-default\">\n\t\t\t\t\t<div class=\"elementor-column elementor-col-50 elementor-top-column elementor-element elementor-element-f334677\" data-id=\"f334677\" data-element_type=\"column\">\n\t\t\t<div class=\"elementor-widget-wrap elementor-element-populated\">\n\t\t\t\t\t\t<div class=\"elementor-element elementor-element-6a7abf0 elementor-widget elementor-widget-image\" data-id=\"6a7abf0\" data-element_type=\"widget\" data-widget_type=\"image.default\">\n\t\t\t\t<div class=\"elementor-widget-container\">\n\t\t\t\t\t\t\t\t\t\t\t\t\t\t\t<img fetchpriority=\"high\" decoding=\"async\" width=\"542\" height=\"565\" src=\"https:\/\/fcba.com.br\/fcba\/wp-content\/uploads\/2025\/03\/Captura-de-tela-2025-03-23-174709.png\" class=\"attachment-large size-large wp-image-1747\" alt=\"\" srcset=\"https:\/\/fcba.com.br\/fcba\/wp-content\/uploads\/2025\/03\/Captura-de-tela-2025-03-23-174709.png 542w, https:\/\/fcba.com.br\/fcba\/wp-content\/uploads\/2025\/03\/Captura-de-tela-2025-03-23-174709-288x300.png 288w\" sizes=\"(max-width: 542px) 100vw, 542px\" \/>\t\t\t\t\t\t\t\t\t\t\t\t\t\t\t<\/div>\n\t\t\t\t<\/div>\n\t\t\t\t\t<\/div>\n\t\t<\/div>\n\t\t\t\t<div class=\"elementor-column elementor-col-50 elementor-top-column elementor-element elementor-element-c0d4d3f\" data-id=\"c0d4d3f\" data-element_type=\"column\">\n\t\t\t<div class=\"elementor-widget-wrap elementor-element-populated\">\n\t\t\t\t\t\t<div class=\"elementor-element elementor-element-b7beaf8 elementor-widget elementor-widget-image\" data-id=\"b7beaf8\" data-element_type=\"widget\" data-widget_type=\"image.default\">\n\t\t\t\t<div class=\"elementor-widget-container\">\n\t\t\t\t\t\t\t\t\t\t\t\t\t\t\t<img decoding=\"async\" width=\"526\" height=\"386\" src=\"https:\/\/fcba.com.br\/fcba\/wp-content\/uploads\/2025\/03\/Captura-de-tela-2025-03-23-174721.png\" class=\"attachment-large size-large wp-image-1748\" alt=\"\" srcset=\"https:\/\/fcba.com.br\/fcba\/wp-content\/uploads\/2025\/03\/Captura-de-tela-2025-03-23-174721.png 526w, https:\/\/fcba.com.br\/fcba\/wp-content\/uploads\/2025\/03\/Captura-de-tela-2025-03-23-174721-300x220.png 300w\" sizes=\"(max-width: 526px) 100vw, 526px\" \/>\t\t\t\t\t\t\t\t\t\t\t\t\t\t\t<\/div>\n\t\t\t\t<\/div>\n\t\t\t\t\t<\/div>\n\t\t<\/div>\n\t\t\t\t\t<\/div>\n\t\t<\/section>\n\t\t\t\t<section class=\"elementor-section elementor-top-section elementor-element elementor-element-c94676f elementor-section-boxed elementor-section-height-default elementor-section-height-default\" data-id=\"c94676f\" data-element_type=\"section\">\n\t\t\t\t\t\t<div class=\"elementor-container elementor-column-gap-default\">\n\t\t\t\t\t<div class=\"elementor-column elementor-col-100 elementor-top-column elementor-element elementor-element-e65d2d8\" data-id=\"e65d2d8\" data-element_type=\"column\">\n\t\t\t<div class=\"elementor-widget-wrap elementor-element-populated\">\n\t\t\t\t\t\t<div class=\"elementor-element elementor-element-c10a3ae elementor-widget elementor-widget-spacer\" data-id=\"c10a3ae\" data-element_type=\"widget\" data-widget_type=\"spacer.default\">\n\t\t\t\t<div class=\"elementor-widget-container\">\n\t\t\t\t\t\t\t<div class=\"elementor-spacer\">\n\t\t\t<div class=\"elementor-spacer-inner\"><\/div>\n\t\t<\/div>\n\t\t\t\t\t\t<\/div>\n\t\t\t\t<\/div>\n\t\t\t\t\t<\/div>\n\t\t<\/div>\n\t\t\t\t\t<\/div>\n\t\t<\/section>\n\t\t\t\t<\/div>\n\t\t","protected":false},"excerpt":{"rendered":"<p>MISS\u00c3O Promover, organizar e fortalecer a capoeira no Estado da Bahia, valorizando sua dimens\u00e3o cultural, esportiva e educacional. Fomentar o desenvolvimento de mestres, professores e praticantes, garantindo o reconhecimento e a preserva\u00e7\u00e3o das tradi\u00e7\u00f5es da capoeira, ao mesmo tempo em que impulsiona sua evolu\u00e7\u00e3o como ferramenta de inclus\u00e3o social, identidade [&hellip;]<\/p>\n","protected":false},"author":1,"featured_media":0,"parent":0,"menu_order":2,"comment_status":"closed","ping_status":"closed","template":"elementor_header_footer","meta":{"footnotes":""},"class_list":["post-127","page","type-page","status-publish","hentry"],"_links":{"self":[{"href":"https:\/\/fcba.com.br\/fcba\/wp-json\/wp\/v2\/pages\/127","targetHints":{"allow":["GET"]}}],"collection":[{"href":"https:\/\/fcba.com.br\/fcba\/wp-json\/wp\/v2\/pages"}],"about":[{"href":"https:\/\/fcba.com.br\/fcba\/wp-json\/wp\/v2\/types\/page"}],"author":[{"embeddable":true,"href":"https:\/\/fcba.com.br\/fcba\/wp-json\/wp\/v2\/users\/1"}],"replies":[{"embeddable":true,"href":"https:\/\/fcba.com.br\/fcba\/wp-json\/wp\/v2\/comments?post=127"}],"version-history":[{"count":109,"href":"https:\/\/fcba.com.br\/fcba\/wp-json\/wp\/v2\/pages\/127\/revisions"}],"predecessor-version":[{"id":1826,"href":"https:\/\/fcba.com.br\/fcba\/wp-json\/wp\/v2\/pages\/127\/revisions\/1826"}],"wp:attachment":[{"href":"https:\/\/fcba.com.br\/fcba\/wp-json\/wp\/v2\/media?parent=127"}],"curies":[{"name":"wp","href":"https:\/\/api.w.org\/{rel}","templated":true}]}}