{"id":1196,"date":"2023-08-06T18:51:41","date_gmt":"2023-08-06T21:51:41","guid":{"rendered":"https:\/\/fcba.com.br\/fcba\/?page_id=1196"},"modified":"2023-08-08T16:18:12","modified_gmt":"2023-08-08T19:18:12","slug":"campeonato2023","status":"publish","type":"page","link":"https:\/\/fcba.com.br\/fcba\/campeonato2023\/","title":{"rendered":"campeonato2023"},"content":{"rendered":"\t\t<div data-elementor-type=\"wp-page\" data-elementor-id=\"1196\" class=\"elementor elementor-1196\">\n\t\t\t\t\t\t<section class=\"elementor-section elementor-top-section elementor-element elementor-element-ecedf6d elementor-section-boxed elementor-section-height-default elementor-section-height-default\" data-id=\"ecedf6d\" data-element_type=\"section\">\n\t\t\t\t\t\t\t<div class=\"elementor-background-overlay\"><\/div>\n\t\t\t\t\t\t\t<div class=\"elementor-container elementor-column-gap-default\">\n\t\t\t\t\t<div class=\"elementor-column elementor-col-100 elementor-top-column elementor-element elementor-element-10c46e9\" data-id=\"10c46e9\" data-element_type=\"column\" data-settings=\"{&quot;background_background&quot;:&quot;classic&quot;}\">\n\t\t\t<div class=\"elementor-widget-wrap elementor-element-populated\">\n\t\t\t\t\t\t<div class=\"elementor-element elementor-element-0e7a67d elementor-widget elementor-widget-spacer\" data-id=\"0e7a67d\" data-element_type=\"widget\" data-widget_type=\"spacer.default\">\n\t\t\t\t<div class=\"elementor-widget-container\">\n\t\t\t\t\t\t\t<div class=\"elementor-spacer\">\n\t\t\t<div class=\"elementor-spacer-inner\"><\/div>\n\t\t<\/div>\n\t\t\t\t\t\t<\/div>\n\t\t\t\t<\/div>\n\t\t\t\t<div class=\"elementor-element elementor-element-9674545 elementor-widget elementor-widget-heading\" data-id=\"9674545\" data-element_type=\"widget\" data-widget_type=\"heading.default\">\n\t\t\t\t<div class=\"elementor-widget-container\">\n\t\t\t\t\t<h1 class=\"elementor-heading-title elementor-size-default\">CAMPEONATO BAIANO 2023 <\/h1>\t\t\t\t<\/div>\n\t\t\t\t<\/div>\n\t\t\t\t<div class=\"elementor-element elementor-element-c54baf7 elementor-widget elementor-widget-spacer\" data-id=\"c54baf7\" data-element_type=\"widget\" data-widget_type=\"spacer.default\">\n\t\t\t\t<div class=\"elementor-widget-container\">\n\t\t\t\t\t\t\t<div class=\"elementor-spacer\">\n\t\t\t<div class=\"elementor-spacer-inner\"><\/div>\n\t\t<\/div>\n\t\t\t\t\t\t<\/div>\n\t\t\t\t<\/div>\n\t\t\t\t\t<\/div>\n\t\t<\/div>\n\t\t\t\t\t<\/div>\n\t\t<\/section>\n\t\t\t\t<section class=\"elementor-section elementor-top-section elementor-element elementor-element-47adee7 elementor-section-boxed elementor-section-height-default elementor-section-height-default\" data-id=\"47adee7\" data-element_type=\"section\">\n\t\t\t\t\t\t<div class=\"elementor-container elementor-column-gap-default\">\n\t\t\t\t\t<div class=\"elementor-column elementor-col-33 elementor-top-column elementor-element elementor-element-3795594\" data-id=\"3795594\" data-element_type=\"column\">\n\t\t\t<div class=\"elementor-widget-wrap elementor-element-populated\">\n\t\t\t\t\t\t<div class=\"elementor-element elementor-element-75c0bd8 elementor-widget elementor-widget-text-editor\" data-id=\"75c0bd8\" data-element_type=\"widget\" data-widget_type=\"text-editor.default\">\n\t\t\t\t<div class=\"elementor-widget-container\">\n\t\t\t\t\t\t\t\t\t<p><strong>O Campeonato baiano de capoeira 2023 ser\u00e1 disponibilizado pra o p\u00fablico em geral.<\/strong><\/p><h4 style=\"text-align: center;\"><strong>INSTRU\u00c7\u00d5ES<\/strong><\/h4><ul><li><strong>Inscri\u00e7\u00e3o ao Curso de Arbitro\u00a0 de 07 \u00e0 13 de agosto de 2023.<\/strong><br \/><strong>Obs.: Preferencia de participa\u00e7\u00e3o <em>(Gradua\u00e7\u00f5es :Monitor, Graduado, Instrutor, Professor, Contramestre, Mestre)<\/em><\/strong><\/li><li><strong>Inscri\u00e7\u00e3o do Campeonato 2023 de 07 a 18 de agosto de 2023.<\/strong><br \/><strong>Obs.: P\u00fablico Geral Verificar a categoria na tabela abaixo<\/strong><br \/><strong><\/strong><strong><\/strong><\/li><\/ul><p><strong>1-<\/strong> Mediante a inscri\u00e7\u00e3o do campeonato o participante dever\u00e1 ficar atento ao preenchimento do formul\u00e1rio online de inscri\u00e7\u00e3o.<br \/><strong>2-<\/strong> Necess\u00e1rio o preenchimento do termo de autoriza\u00e7\u00e3o disponibilizado pois sem ele n\u00e3o poder\u00e1 prosseguir com a inscri\u00e7\u00e3o.<br \/><strong>3-<\/strong> Os formul\u00e1rio ap\u00f3s ser preenchidas dever\u00e1 ser enviado para o e-mail: atendimentofcba@gmail.com<br \/><strong>4-<\/strong> Ficar atento ao prazo de inscri\u00e7\u00e3o das atividades.<br \/><strong>5 &#8211;<\/strong> O Curso de \u00e1rbitro ser\u00e1 dividido nos modos On-line e presencial.<br \/><strong>Obs.:<\/strong> O curso on-line ser\u00e1 disponibilizado um link para os participantes.<br \/><br \/><strong>N\u00c3O SER\u00c3O ACEITAS FICHAS E DOCUMENTA\u00c7\u00c3O ENVIADAS PELO CORREIO.<\/strong><\/p>\t\t\t\t\t\t\t\t<\/div>\n\t\t\t\t<\/div>\n\t\t\t\t<div class=\"elementor-element elementor-element-86de1ba elementor-widget elementor-widget-heading\" data-id=\"86de1ba\" data-element_type=\"widget\" data-widget_type=\"heading.default\">\n\t\t\t\t<div class=\"elementor-widget-container\">\n\t\t\t\t\t<h5 class=\"elementor-heading-title elementor-size-default\">Cadastramento Curso de \u00c1RBITRO<\/h5>\t\t\t\t<\/div>\n\t\t\t\t<\/div>\n\t\t\t\t<section class=\"elementor-section elementor-inner-section elementor-element elementor-element-4801bdf elementor-section-boxed elementor-section-height-default elementor-section-height-default\" data-id=\"4801bdf\" data-element_type=\"section\">\n\t\t\t\t\t\t<div class=\"elementor-container elementor-column-gap-default\">\n\t\t\t\t\t<div class=\"elementor-column elementor-col-50 elementor-inner-column elementor-element elementor-element-5de1f52\" data-id=\"5de1f52\" data-element_type=\"column\">\n\t\t\t<div class=\"elementor-widget-wrap elementor-element-populated\">\n\t\t\t\t\t\t<div class=\"elementor-element elementor-element-ca2118a elementor-widget elementor-widget-heading\" data-id=\"ca2118a\" data-element_type=\"widget\" data-widget_type=\"heading.default\">\n\t\t\t\t<div class=\"elementor-widget-container\">\n\t\t\t\t\t<h6 class=\"elementor-heading-title elementor-size-default\">N\u00e3o Filiado<\/h6>\t\t\t\t<\/div>\n\t\t\t\t<\/div>\n\t\t\t\t\t<\/div>\n\t\t<\/div>\n\t\t\t\t<div class=\"elementor-column elementor-col-50 elementor-inner-column elementor-element elementor-element-c3c87f6\" data-id=\"c3c87f6\" data-element_type=\"column\">\n\t\t\t<div class=\"elementor-widget-wrap elementor-element-populated\">\n\t\t\t\t\t\t<div class=\"elementor-element elementor-element-0ac642f elementor-align-center elementor-widget elementor-widget-button\" data-id=\"0ac642f\" data-element_type=\"widget\" data-widget_type=\"button.default\">\n\t\t\t\t<div class=\"elementor-widget-container\">\n\t\t\t\t\t\t\t\t\t<div class=\"elementor-button-wrapper\">\n\t\t\t\t\t<a class=\"elementor-button elementor-button-link elementor-size-sm\" href=\"https:\/\/fcba.com.br\/fcba\/curso-de-arbitro\/\">\n\t\t\t\t\t\t<span class=\"elementor-button-content-wrapper\">\n\t\t\t\t\t\t\t\t\t<span class=\"elementor-button-text\">Clique aqui<\/span>\n\t\t\t\t\t<\/span>\n\t\t\t\t\t<\/a>\n\t\t\t\t<\/div>\n\t\t\t\t\t\t\t\t<\/div>\n\t\t\t\t<\/div>\n\t\t\t\t\t<\/div>\n\t\t<\/div>\n\t\t\t\t\t<\/div>\n\t\t<\/section>\n\t\t\t\t<section class=\"elementor-section elementor-inner-section elementor-element elementor-element-9cae9c5 elementor-section-boxed elementor-section-height-default elementor-section-height-default\" data-id=\"9cae9c5\" data-element_type=\"section\">\n\t\t\t\t\t\t<div class=\"elementor-container elementor-column-gap-default\">\n\t\t\t\t\t<div class=\"elementor-column elementor-col-50 elementor-inner-column elementor-element elementor-element-84df5ee\" data-id=\"84df5ee\" data-element_type=\"column\">\n\t\t\t<div class=\"elementor-widget-wrap elementor-element-populated\">\n\t\t\t\t\t\t<div class=\"elementor-element elementor-element-798aad7 elementor-widget elementor-widget-heading\" data-id=\"798aad7\" data-element_type=\"widget\" data-widget_type=\"heading.default\">\n\t\t\t\t<div class=\"elementor-widget-container\">\n\t\t\t\t\t<h6 class=\"elementor-heading-title elementor-size-default\">Filiado<\/h6>\t\t\t\t<\/div>\n\t\t\t\t<\/div>\n\t\t\t\t\t<\/div>\n\t\t<\/div>\n\t\t\t\t<div class=\"elementor-column elementor-col-50 elementor-inner-column elementor-element elementor-element-c0c98db\" data-id=\"c0c98db\" data-element_type=\"column\">\n\t\t\t<div class=\"elementor-widget-wrap elementor-element-populated\">\n\t\t\t\t\t\t<div class=\"elementor-element elementor-element-99dc7db elementor-align-center elementor-widget elementor-widget-button\" data-id=\"99dc7db\" data-element_type=\"widget\" data-widget_type=\"button.default\">\n\t\t\t\t<div class=\"elementor-widget-container\">\n\t\t\t\t\t\t\t\t\t<div class=\"elementor-button-wrapper\">\n\t\t\t\t\t<a class=\"elementor-button elementor-button-link elementor-size-sm\" href=\"https:\/\/fcba.com.br\/fcba\/curso-de-arbitro-filiado\/\">\n\t\t\t\t\t\t<span class=\"elementor-button-content-wrapper\">\n\t\t\t\t\t\t\t\t\t<span class=\"elementor-button-text\">Clique aqui<\/span>\n\t\t\t\t\t<\/span>\n\t\t\t\t\t<\/a>\n\t\t\t\t<\/div>\n\t\t\t\t\t\t\t\t<\/div>\n\t\t\t\t<\/div>\n\t\t\t\t\t<\/div>\n\t\t<\/div>\n\t\t\t\t\t<\/div>\n\t\t<\/section>\n\t\t\t\t\t<\/div>\n\t\t<\/div>\n\t\t\t\t<div class=\"elementor-column elementor-col-66 elementor-top-column elementor-element elementor-element-7c14575\" data-id=\"7c14575\" data-element_type=\"column\">\n\t\t\t<div class=\"elementor-widget-wrap elementor-element-populated\">\n\t\t\t\t\t\t<div class=\"elementor-element elementor-element-a000c2f elementor-widget__width-initial elementor-pagination-position-outside elementor-widget elementor-widget-image-carousel\" data-id=\"a000c2f\" data-element_type=\"widget\" data-settings=\"{&quot;slides_to_show&quot;:&quot;1&quot;,&quot;navigation&quot;:&quot;dots&quot;,&quot;autoplay&quot;:&quot;yes&quot;,&quot;pause_on_hover&quot;:&quot;yes&quot;,&quot;pause_on_interaction&quot;:&quot;yes&quot;,&quot;autoplay_speed&quot;:5000,&quot;infinite&quot;:&quot;yes&quot;,&quot;effect&quot;:&quot;slide&quot;,&quot;speed&quot;:500}\" data-widget_type=\"image-carousel.default\">\n\t\t\t\t<div class=\"elementor-widget-container\">\n\t\t\t\t\t\t\t<div class=\"elementor-image-carousel-wrapper swiper\" role=\"region\" aria-roledescription=\"carousel\" aria-label=\"Carrossel de imagens\" dir=\"ltr\">\n\t\t\t<div class=\"elementor-image-carousel swiper-wrapper\" aria-live=\"off\">\n\t\t\t\t\t\t\t\t<div class=\"swiper-slide\" role=\"group\" aria-roledescription=\"slide\" aria-label=\"1 of 2\"><figure class=\"swiper-slide-inner\"><img decoding=\"async\" class=\"swiper-slide-image\" src=\"https:\/\/fcba.com.br\/fcba\/wp-content\/uploads\/elementor\/thumbs\/campeonato-FCBA-2023-3-scaled-qamh6ztzz5avuseifmel06wp57kn41osrfn3nxfk2g.jpg\" alt=\"campeonato FCBA 2023\" \/><\/figure><\/div><div class=\"swiper-slide\" role=\"group\" aria-roledescription=\"slide\" aria-label=\"2 of 2\"><figure class=\"swiper-slide-inner\"><img decoding=\"async\" class=\"swiper-slide-image\" src=\"https:\/\/fcba.com.br\/fcba\/wp-content\/uploads\/elementor\/thumbs\/curso-de-arbitro-2023-qamh7kig5i36y7kh2vcdj1ou7oqptdyw69zs80kw9k.jpg\" alt=\"curso de arbitro 2023\" \/><\/figure><\/div>\t\t\t<\/div>\n\t\t\t\t\t\t\t\n\t\t\t\t\t\t\t\t\t<div class=\"swiper-pagination\"><\/div>\n\t\t\t\t\t\t\t\t\t<\/div>\n\t\t\t\t\t\t<\/div>\n\t\t\t\t<\/div>\n\t\t\t\t\t<\/div>\n\t\t<\/div>\n\t\t\t\t\t<\/div>\n\t\t<\/section>\n\t\t\t\t<section class=\"elementor-section elementor-top-section elementor-element elementor-element-a3cf55b elementor-section-boxed elementor-section-height-default elementor-section-height-default\" data-id=\"a3cf55b\" data-element_type=\"section\">\n\t\t\t\t\t\t<div class=\"elementor-container elementor-column-gap-default\">\n\t\t\t\t\t<div class=\"elementor-column elementor-col-100 elementor-top-column elementor-element elementor-element-37e12c0\" data-id=\"37e12c0\" data-element_type=\"column\">\n\t\t\t<div class=\"elementor-widget-wrap elementor-element-populated\">\n\t\t\t\t\t\t<div class=\"elementor-element elementor-element-950906f elementor-widget-divider--view-line elementor-widget elementor-widget-divider\" data-id=\"950906f\" data-element_type=\"widget\" data-widget_type=\"divider.default\">\n\t\t\t\t<div class=\"elementor-widget-container\">\n\t\t\t\t\t\t\t<div class=\"elementor-divider\">\n\t\t\t<span class=\"elementor-divider-separator\">\n\t\t\t\t\t\t<\/span>\n\t\t<\/div>\n\t\t\t\t\t\t<\/div>\n\t\t\t\t<\/div>\n\t\t\t\t\t<\/div>\n\t\t<\/div>\n\t\t\t\t\t<\/div>\n\t\t<\/section>\n\t\t\t\t<section class=\"elementor-section elementor-top-section elementor-element elementor-element-2b4276c elementor-section-boxed elementor-section-height-default elementor-section-height-default\" data-id=\"2b4276c\" data-element_type=\"section\">\n\t\t\t\t\t\t<div class=\"elementor-container elementor-column-gap-default\">\n\t\t\t\t\t<div class=\"elementor-column elementor-col-50 elementor-top-column elementor-element elementor-element-2e21138\" data-id=\"2e21138\" data-element_type=\"column\">\n\t\t\t<div class=\"elementor-widget-wrap elementor-element-populated\">\n\t\t\t\t\t\t<div class=\"elementor-element elementor-element-448c9d4 elementor-widget__width-initial elementor-widget elementor-widget-image\" data-id=\"448c9d4\" data-element_type=\"widget\" data-widget_type=\"image.default\">\n\t\t\t\t<div class=\"elementor-widget-container\">\n\t\t\t\t\t\t\t\t\t\t\t\t\t\t\t<img fetchpriority=\"high\" decoding=\"async\" width=\"477\" height=\"607\" src=\"https:\/\/fcba.com.br\/fcba\/wp-content\/uploads\/2021\/03\/MARCA-FCBA-Azul-site-1.jpg\" class=\"attachment-large size-large wp-image-145\" alt=\"\" srcset=\"https:\/\/fcba.com.br\/fcba\/wp-content\/uploads\/2021\/03\/MARCA-FCBA-Azul-site-1.jpg 477w, https:\/\/fcba.com.br\/fcba\/wp-content\/uploads\/2021\/03\/MARCA-FCBA-Azul-site-1-236x300.jpg 236w\" sizes=\"(max-width: 477px) 100vw, 477px\" \/>\t\t\t\t\t\t\t\t\t\t\t\t\t\t\t<\/div>\n\t\t\t\t<\/div>\n\t\t\t\t\t<\/div>\n\t\t<\/div>\n\t\t\t\t<div class=\"elementor-column elementor-col-50 elementor-top-column elementor-element elementor-element-c6668e2\" data-id=\"c6668e2\" data-element_type=\"column\">\n\t\t\t<div class=\"elementor-widget-wrap elementor-element-populated\">\n\t\t\t\t\t\t<div class=\"elementor-element elementor-element-b0b934d elementor-widget elementor-widget-heading\" data-id=\"b0b934d\" data-element_type=\"widget\" data-widget_type=\"heading.default\">\n\t\t\t\t<div class=\"elementor-widget-container\">\n\t\t\t\t\t<h4 class=\"elementor-heading-title elementor-size-default\">Inscri\u00e7\u00e3o de Atletas<\/h4>\t\t\t\t<\/div>\n\t\t\t\t<\/div>\n\t\t\t\t\t<\/div>\n\t\t<\/div>\n\t\t\t\t\t<\/div>\n\t\t<\/section>\n\t\t\t\t<section class=\"elementor-section elementor-top-section elementor-element elementor-element-db45fc2 elementor-section-boxed elementor-section-height-default elementor-section-height-default\" data-id=\"db45fc2\" data-element_type=\"section\">\n\t\t\t\t\t\t<div class=\"elementor-container elementor-column-gap-default\">\n\t\t\t\t\t<div class=\"elementor-column elementor-col-33 elementor-top-column elementor-element elementor-element-cfd2f11\" data-id=\"cfd2f11\" data-element_type=\"column\">\n\t\t\t<div class=\"elementor-widget-wrap elementor-element-populated\">\n\t\t\t\t\t\t<div class=\"elementor-element elementor-element-ae75c11 elementor-widget elementor-widget-text-editor\" data-id=\"ae75c11\" data-element_type=\"widget\" data-widget_type=\"text-editor.default\">\n\t\t\t\t<div class=\"elementor-widget-container\">\n\t\t\t\t\t\t\t\t\t<h4 style=\"text-align: center;\"><strong>\u00a0N\u00e3o Filiado<\/strong><\/h4>\t\t\t\t\t\t\t\t<\/div>\n\t\t\t\t<\/div>\n\t\t\t\t<div class=\"elementor-element elementor-element-8d3020f elementor-align-center elementor-widget elementor-widget-button\" data-id=\"8d3020f\" data-element_type=\"widget\" data-widget_type=\"button.default\">\n\t\t\t\t<div class=\"elementor-widget-container\">\n\t\t\t\t\t\t\t\t\t<div class=\"elementor-button-wrapper\">\n\t\t\t\t\t<a class=\"elementor-button elementor-button-link elementor-size-sm\" href=\"https:\/\/fcba.com.br\/fcba\/inscricao-atleta-campeonato-2023\/\">\n\t\t\t\t\t\t<span class=\"elementor-button-content-wrapper\">\n\t\t\t\t\t\t\t\t\t<span class=\"elementor-button-text\">Clique aqui<\/span>\n\t\t\t\t\t<\/span>\n\t\t\t\t\t<\/a>\n\t\t\t\t<\/div>\n\t\t\t\t\t\t\t\t<\/div>\n\t\t\t\t<\/div>\n\t\t\t\t<div class=\"elementor-element elementor-element-21f7a99 elementor-widget elementor-widget-text-editor\" data-id=\"21f7a99\" data-element_type=\"widget\" data-widget_type=\"text-editor.default\">\n\t\t\t\t<div class=\"elementor-widget-container\">\n\t\t\t\t\t\t\t\t\t<h4 style=\"text-align: center;\"><strong>\u00a0 Filiado<\/strong><\/h4>\t\t\t\t\t\t\t\t<\/div>\n\t\t\t\t<\/div>\n\t\t\t\t<div class=\"elementor-element elementor-element-f55bb3a elementor-align-center elementor-widget elementor-widget-button\" data-id=\"f55bb3a\" data-element_type=\"widget\" data-widget_type=\"button.default\">\n\t\t\t\t<div class=\"elementor-widget-container\">\n\t\t\t\t\t\t\t\t\t<div class=\"elementor-button-wrapper\">\n\t\t\t\t\t<a class=\"elementor-button elementor-button-link elementor-size-sm\" href=\"https:\/\/fcba.com.br\/fcba\/inscricao-de-atleta-filiado\/\">\n\t\t\t\t\t\t<span class=\"elementor-button-content-wrapper\">\n\t\t\t\t\t\t\t\t\t<span class=\"elementor-button-text\">Clique aqui<\/span>\n\t\t\t\t\t<\/span>\n\t\t\t\t\t<\/a>\n\t\t\t\t<\/div>\n\t\t\t\t\t\t\t\t<\/div>\n\t\t\t\t<\/div>\n\t\t\t\t\t<\/div>\n\t\t<\/div>\n\t\t\t\t<div class=\"elementor-column elementor-col-66 elementor-top-column elementor-element elementor-element-382e8c8\" data-id=\"382e8c8\" data-element_type=\"column\">\n\t\t\t<div class=\"elementor-widget-wrap elementor-element-populated\">\n\t\t\t\t\t\t<div class=\"elementor-element elementor-element-8ed2cb6 elementor-widget elementor-widget-image\" data-id=\"8ed2cb6\" data-element_type=\"widget\" data-widget_type=\"image.default\">\n\t\t\t\t<div class=\"elementor-widget-container\">\n\t\t\t\t\t\t\t\t\t\t\t\t\t\t\t<img decoding=\"async\" width=\"750\" height=\"571\" src=\"https:\/\/fcba.com.br\/fcba\/wp-content\/uploads\/2023\/08\/categorias-01-1024x779.jpg\" class=\"attachment-large size-large wp-image-1251\" alt=\"\" srcset=\"https:\/\/fcba.com.br\/fcba\/wp-content\/uploads\/2023\/08\/categorias-01-1024x779.jpg 1024w, https:\/\/fcba.com.br\/fcba\/wp-content\/uploads\/2023\/08\/categorias-01-300x228.jpg 300w, https:\/\/fcba.com.br\/fcba\/wp-content\/uploads\/2023\/08\/categorias-01-768x584.jpg 768w, https:\/\/fcba.com.br\/fcba\/wp-content\/uploads\/2023\/08\/categorias-01-1536x1168.jpg 1536w, https:\/\/fcba.com.br\/fcba\/wp-content\/uploads\/2023\/08\/categorias-01-2048x1557.jpg 2048w, https:\/\/fcba.com.br\/fcba\/wp-content\/uploads\/2023\/08\/categorias-01-600x456.jpg 600w\" sizes=\"(max-width: 750px) 100vw, 750px\" \/>\t\t\t\t\t\t\t\t\t\t\t\t\t\t\t<\/div>\n\t\t\t\t<\/div>\n\t\t\t\t\t<\/div>\n\t\t<\/div>\n\t\t\t\t\t<\/div>\n\t\t<\/section>\n\t\t\t\t<section class=\"elementor-section elementor-top-section elementor-element elementor-element-74cd7bf elementor-section-boxed elementor-section-height-default elementor-section-height-default\" data-id=\"74cd7bf\" data-element_type=\"section\">\n\t\t\t\t\t\t<div class=\"elementor-container elementor-column-gap-default\">\n\t\t\t\t\t<div class=\"elementor-column elementor-col-100 elementor-top-column elementor-element elementor-element-4e61132\" data-id=\"4e61132\" data-element_type=\"column\">\n\t\t\t<div class=\"elementor-widget-wrap elementor-element-populated\">\n\t\t\t\t\t\t<div class=\"elementor-element elementor-element-155525e elementor-widget elementor-widget-spacer\" data-id=\"155525e\" data-element_type=\"widget\" data-widget_type=\"spacer.default\">\n\t\t\t\t<div class=\"elementor-widget-container\">\n\t\t\t\t\t\t\t<div class=\"elementor-spacer\">\n\t\t\t<div class=\"elementor-spacer-inner\"><\/div>\n\t\t<\/div>\n\t\t\t\t\t\t<\/div>\n\t\t\t\t<\/div>\n\t\t\t\t\t<\/div>\n\t\t<\/div>\n\t\t\t\t\t<\/div>\n\t\t<\/section>\n\t\t\t\t<section class=\"elementor-section elementor-top-section elementor-element elementor-element-ec53fda elementor-section-boxed elementor-section-height-default elementor-section-height-default\" data-id=\"ec53fda\" data-element_type=\"section\">\n\t\t\t\t\t\t<div class=\"elementor-container elementor-column-gap-default\">\n\t\t\t\t\t<div class=\"elementor-column elementor-col-100 elementor-top-column elementor-element elementor-element-45861b3\" data-id=\"45861b3\" data-element_type=\"column\">\n\t\t\t<div class=\"elementor-widget-wrap elementor-element-populated\">\n\t\t\t\t\t\t<div class=\"elementor-element elementor-element-967d308 elementor-widget elementor-widget-text-editor\" data-id=\"967d308\" data-element_type=\"widget\" data-widget_type=\"text-editor.default\">\n\t\t\t\t<div class=\"elementor-widget-container\">\n\t\t\t\t\t\t\t\t\t<p style=\"text-align: right;\"><span>FCBA- Federa\u00e7\u00e3o de Capoeira do Estado da Bahia \u00a9 2023| Uma solu\u00e7\u00e3o Biribatech<\/span><\/p>\t\t\t\t\t\t\t\t<\/div>\n\t\t\t\t<\/div>\n\t\t\t\t\t<\/div>\n\t\t<\/div>\n\t\t\t\t\t<\/div>\n\t\t<\/section>\n\t\t\t\t<\/div>\n\t\t","protected":false},"excerpt":{"rendered":"<p>CAMPEONATO BAIANO 2023 O Campeonato baiano de capoeira 2023 ser\u00e1 disponibilizado pra o p\u00fablico em geral. INSTRU\u00c7\u00d5ES Inscri\u00e7\u00e3o ao Curso de Arbitro\u00a0 de 07 \u00e0 13 de agosto de 2023.Obs.: Preferencia de participa\u00e7\u00e3o (Gradua\u00e7\u00f5es :Monitor, Graduado, Instrutor, Professor, Contramestre, Mestre) Inscri\u00e7\u00e3o do Campeonato 2023 de 07 a 18 de agosto [&hellip;]<\/p>\n","protected":false},"author":1,"featured_media":0,"parent":0,"menu_order":0,"comment_status":"closed","ping_status":"closed","template":"elementor_header_footer","meta":{"footnotes":""},"class_list":["post-1196","page","type-page","status-publish","hentry"],"_links":{"self":[{"href":"https:\/\/fcba.com.br\/fcba\/wp-json\/wp\/v2\/pages\/1196","targetHints":{"allow":["GET"]}}],"collection":[{"href":"https:\/\/fcba.com.br\/fcba\/wp-json\/wp\/v2\/pages"}],"about":[{"href":"https:\/\/fcba.com.br\/fcba\/wp-json\/wp\/v2\/types\/page"}],"author":[{"embeddable":true,"href":"https:\/\/fcba.com.br\/fcba\/wp-json\/wp\/v2\/users\/1"}],"replies":[{"embeddable":true,"href":"https:\/\/fcba.com.br\/fcba\/wp-json\/wp\/v2\/comments?post=1196"}],"version-history":[{"count":97,"href":"https:\/\/fcba.com.br\/fcba\/wp-json\/wp\/v2\/pages\/1196\/revisions"}],"predecessor-version":[{"id":1326,"href":"https:\/\/fcba.com.br\/fcba\/wp-json\/wp\/v2\/pages\/1196\/revisions\/1326"}],"wp:attachment":[{"href":"https:\/\/fcba.com.br\/fcba\/wp-json\/wp\/v2\/media?parent=1196"}],"curies":[{"name":"wp","href":"https:\/\/api.w.org\/{rel}","templated":true}]}}